{"id":2381,"date":"2026-02-24T13:30:53","date_gmt":"2026-02-24T11:30:53","guid":{"rendered":"https:\/\/www.minumagnet.ee\/?post_type=product&#038;p=2381"},"modified":"2026-02-27T10:15:54","modified_gmt":"2026-02-27T08:15:54","slug":"personaalne-fotomagnet-matt","status":"publish","type":"product","link":"https:\/\/www.minumagnet.ee\/ru\/product\/personaalne-fotomagnet-matt\/","title":{"rendered":"Fotomagnet (matt) 6,35 x 6,35 cm"},"content":{"rendered":"<p data-start=\"684\" data-end=\"707\"><strong data-start=\"949\" data-end=\"975\">\u041f\u0435\u0440\u0441\u043e\u043d\u0430\u043b\u044c\u043d\u044b\u0439 \u0444\u043e\u0442\u043e\u043c\u0430\u0433\u043d\u0438\u0442<\/strong> \u2014 \u0438\u0434\u0435\u0430\u043b\u044c\u043d\u044b\u0439 \u0441\u043f\u043e\u0441\u043e\u0431 \u0441\u043e\u0445\u0440\u0430\u043d\u0438\u0442\u044c \u0438 \u043a\u0440\u0430\u0441\u0438\u0432\u043e \u043f\u0440\u0435\u0434\u0441\u0442\u0430\u0432\u0438\u0442\u044c \u0432\u0430\u0448\u0438 \u0441\u0430\u043c\u044b\u0435 \u0434\u043e\u0440\u043e\u0433\u0438\u0435 \u0432\u043e\u0441\u043f\u043e\u043c\u0438\u043d\u0430\u043d\u0438\u044f. \u0417\u0430\u0433\u0440\u0443\u0437\u0438\u0442\u0435 \u043b\u044e\u0431\u0438\u043c\u043e\u0435 \u0444\u043e\u0442\u043e \u2014 \u0431\u0443\u0434\u044c \u0442\u043e \u0438\u0437 \u043f\u0443\u0442\u0435\u0448\u0435\u0441\u0442\u0432\u0438\u044f, \u0441 \u0432\u0430\u0436\u043d\u043e\u0433\u043e \u0441\u043e\u0431\u044b\u0442\u0438\u044f, \u0432\u0430\u0448\u0435\u0439 \u0441\u0435\u043c\u044c\u0438 \u0438\u043b\u0438 \u0441 \u043b\u044e\u0431\u0438\u043c\u044b\u043c \u043f\u0438\u0442\u043e\u043c\u0446\u0435\u043c \u2014 \u0438 \u043c\u044b \u0438\u0437\u0433\u043e\u0442\u043e\u0432\u0438\u043c \u0438\u0437 \u043d\u0435\u0433\u043e \u043a\u0430\u0447\u0435\u0441\u0442\u0432\u0435\u043d\u043d\u044b\u0439 \u043c\u0430\u0433\u043d\u0438\u0442, \u043a\u043e\u0442\u043e\u0440\u044b\u0439 \u0431\u0443\u0434\u0435\u0442 \u0440\u0430\u0434\u043e\u0432\u0430\u0442\u044c \u0432\u0430\u0441 \u043a\u0430\u0436\u0434\u044b\u0439 \u0434\u0435\u043d\u044c.<\/p>\n<h3 data-start=\"1237\" data-end=\"1289\"><\/h3>\n<p data-start=\"1237\" data-end=\"1289\"><strong>\u042d\u0442\u043e\u0442 \u0444\u043e\u0442\u043e\u0441\u0443\u0432\u0435\u043d\u0438\u0440 \u043e\u0442\u043b\u0438\u0447\u043d\u043e \u043f\u043e\u0434\u0445\u043e\u0434\u0438\u0442 \u0432 \u043f\u043e\u0434\u0430\u0440\u043e\u043a:<\/strong><\/p>\n<ul>\n<li data-start=\"1237\" data-end=\"1289\">\u043c\u0430\u043c\u0435 \u2014 \u043a\u043e \u0414\u043d\u044e \u043c\u0430\u0442\u0435\u0440\u0438 \u0438\u043b\u0438 \u043f\u0440\u043e\u0441\u0442\u043e \u0432 \u0437\u043d\u0430\u043a \u0431\u043b\u0430\u0433\u043e\u0434\u0430\u0440\u043d\u043e\u0441\u0442\u0438<\/li>\n<li data-start=\"1237\" data-end=\"1289\">\u0431\u0430\u0431\u0443\u0448\u043a\u0435 \u2014 \u043c\u0438\u043b\u044b\u0439 \u043f\u043e\u0434\u0430\u0440\u043e\u043a \u043a\u043e \u0414\u043d\u044e \u0431\u0430\u0431\u0443\u0448\u0435\u043a \u0438 \u0434\u0435\u0434\u0443\u0448\u0435\u043a<\/li>\n<li data-start=\"1237\" data-end=\"1289\">\u043b\u044e\u0431\u0438\u043c\u043e\u043c\u0443 \u0447\u0435\u043b\u043e\u0432\u0435\u043a\u0443 \u0438\u043b\u0438 \u043f\u043e\u0434\u0440\u0443\u0433\u0435 \u2014 \u0447\u0442\u043e\u0431\u044b \u0441\u043e\u0445\u0440\u0430\u043d\u0438\u0442\u044c \u0438 \u0440\u0430\u0437\u0434\u0435\u043b\u0438\u0442\u044c \u043e\u0441\u043e\u0431\u0435\u043d\u043d\u044b\u0435 \u043c\u043e\u043c\u0435\u043d\u0442\u044b<\/li>\n<\/ul>\n<p data-start=\"1487\" data-end=\"1537\"><strong data-start=\"1487\" data-end=\"1535\">\u041f\u043e\u0447\u0435\u043c\u0443 \u0441\u0442\u043e\u0438\u0442 \u0437\u0430\u043a\u0430\u0437\u0430\u0442\u044c \u043d\u0430\u0448\u0438 \u043f\u0435\u0440\u0441\u043e\u043d\u0430\u043b\u044c\u043d\u044b\u0435 \u0444\u043e\u0442\u043e\u043c\u0430\u0433\u043d\u0438\u0442\u044b?<\/strong><\/p>\n<ul data-start=\"1540\" data-end=\"1735\">\n<li>\u0420\u0443\u0447\u043d\u0430\u044f \u0440\u0430\u0431\u043e\u0442\u0430 \u0432 \u042d\u0441\u0442\u043e\u043d\u0438\u0438<\/li>\n<li data-start=\"1540\" data-end=\"1572\">\u0418\u043d\u0434\u0438\u0432\u0438\u0434\u0443\u0430\u043b\u044c\u043d\u044b\u0439 \u043f\u043e\u0434\u0445\u043e\u0434<\/li>\n<li data-start=\"1645\" data-end=\"1731\">\n<p data-start=\"1647\" data-end=\"1731\">\u041f\u0440\u043e\u0441\u0442\u043e\u0439 \u0438 \u0431\u044b\u0441\u0442\u0440\u044b\u0439 \u0437\u0430\u043a\u0430\u0437 \u2014 \u0437\u0430\u0433\u0440\u0443\u0437\u0438\u0442\u0435 \u0444\u043e\u0442\u043e, \u043f\u043e\u0434\u0442\u0432\u0435\u0440\u0434\u0438\u0442\u0435 \u0437\u0430\u043a\u0430\u0437 \u0438 \u0434\u043e\u0436\u0434\u0438\u0442\u0435\u0441\u044c \u0433\u043e\u0442\u043e\u0432\u044b\u0445 \u043c\u0430\u0433\u043d\u0438\u0442\u043e\u0432<\/p>\n<\/li>\n<\/ul>\n<p data-start=\"1738\" data-end=\"1819\"><strong data-start=\"1738\" data-end=\"1749\">\u0420\u0430\u0437\u043c\u0435\u0440:<\/strong> 6,35 \u00d7 6,35 \u0441\u043c \u2014 \u0438\u0434\u0435\u0430\u043b\u044c\u043d\u044b\u0439 \u0444\u043e\u0440\u043c\u0430\u0442, \u0447\u0442\u043e\u0431\u044b \u0434\u043e\u0431\u0430\u0432\u0438\u0442\u044c \u0442\u0435\u043f\u043b\u0430 \u0432 \u043a\u0430\u0436\u0434\u044b\u0439 \u0434\u0435\u043d\u044c \u0438 \u0432 \u043b\u044e\u0431\u043e\u0435 \u043f\u0440\u043e\u0441\u0442\u0440\u0430\u043d\u0441\u0442\u0432\u043e.<\/p>\n<h3 data-start=\"1738\" data-end=\"1819\"><\/h3>\n<p data-start=\"1826\" data-end=\"1995\">\u041f\u043e\u0434\u0430\u0440\u0438\u0442\u0435 \u0432\u043e\u0441\u043f\u043e\u043c\u0438\u043d\u0430\u043d\u0438\u0435, \u043a\u043e\u0442\u043e\u0440\u043e\u0435 \u043e\u0441\u0442\u0430\u043d\u0435\u0442\u0441\u044f \u043d\u0430\u0434\u043e\u043b\u0433\u043e \u2014 \u043f\u0435\u0440\u0441\u043e\u043d\u0430\u043b\u044c\u043d\u044b\u0439 \u0444\u043e\u0442\u043e\u043c\u0430\u0433\u043d\u0438\u0442 \u2014 \u044d\u0442\u043e \u0431\u043e\u043b\u044c\u0448\u0435, \u0447\u0435\u043c \u043f\u0440\u043e\u0441\u0442\u043e \u043c\u0430\u0433\u043d\u0438\u0442 \u043d\u0430 \u0445\u043e\u043b\u043e\u0434\u0438\u043b\u044c\u043d\u0438\u043a \u0441 \u0444\u043e\u0442\u043e: \u044d\u0442\u043e \u0442\u0451\u043f\u043b\u044b\u0439 \u0438 \u0437\u043d\u0430\u0447\u0438\u043c\u044b\u0439 \u043f\u043e\u0434\u0430\u0440\u043e\u043a \u0434\u043b\u044f \u043b\u044e\u0431\u043e\u0433\u043e \u0432\u0430\u0436\u043d\u043e\u0433\u043e \u043c\u043e\u043c\u0435\u043d\u0442\u0430.<\/p>","protected":false},"excerpt":{"rendered":"<p>Mati pinnaga personaalne fotomagnet on k\u00e4sit\u00f6\u00f6na valmistatud just Sinu valitud fotost.<\/p>","protected":false},"featured_media":2262,"template":"","meta":{"site-sidebar-layout":"left-sidebar","site-content-layout":"","ast-site-content-layout":"normal-width-container","site-content-style":"boxed","site-sidebar-style":"default","ast-global-header-display":"","ast-banner-title-visibility":"","ast-main-header-display":"","ast-hfb-above-header-display":"","ast-hfb-below-header-display":"","ast-hfb-mobile-header-display":"","site-post-title":"","ast-breadcrumbs-content":"","ast-featured-img":"","footer-sml-layout":"","ast-disable-related-posts":"","theme-transparent-header-meta":"default","adv-header-id-meta":"","stick-header-meta":"","header-above-stick-meta":"","header-main-stick-meta":"","header-below-stick-meta":"","astra-migrate-meta-layouts":"set","ast-page-background-enabled":"default","ast-page-background-meta":{"desktop":{"background-color":"","background-image":"","background-repeat":"repeat","background-position":"center center","background-size":"auto","background-attachment":"scroll","background-type":"","background-media":"","overlay-type":"","overlay-color":"","overlay-opacity":"","overlay-gradient":""},"tablet":{"background-color":"","background-image":"","background-repeat":"repeat","background-position":"center center","background-size":"auto","background-attachment":"scroll","background-type":"","background-media":"","overlay-type":"","overlay-color":"","overlay-opacity":"","overlay-gradient":""},"mobile":{"background-color":"","background-image":"","background-repeat":"repeat","background-position":"center center","background-size":"auto","background-attachment":"scroll","background-type":"","background-media":"","overlay-type":"","overlay-color":"","overlay-opacity":"","overlay-gradient":""}},"ast-content-background-meta":{"desktop":{"background-color":"var(--ast-global-color-5)","background-image":"","background-repeat":"repeat","background-position":"center center","background-size":"auto","background-attachment":"scroll","background-type":"","background-media":"","overlay-type":"","overlay-color":"","overlay-opacity":"","overlay-gradient":""},"tablet":{"background-color":"var(--ast-global-color-5)","background-image":"","background-repeat":"repeat","background-position":"center center","background-size":"auto","background-attachment":"scroll","background-type":"","background-media":"","overlay-type":"","overlay-color":"","overlay-opacity":"","overlay-gradient":""},"mobile":{"background-color":"var(--ast-global-color-5)","background-image":"","background-repeat":"repeat","background-position":"center center","background-size":"auto","background-attachment":"scroll","background-type":"","background-media":"","overlay-type":"","overlay-color":"","overlay-opacity":"","overlay-gradient":""}}},"product_brand":[],"product_cat":[26],"product_tag":[],"class_list":{"0":"post-2381","1":"product","2":"type-product","3":"status-publish","4":"has-post-thumbnail","6":"product_cat-personaalse-fotoga","7":"desktop-align-center","8":"tablet-align-left","9":"mobile-align-left","11":"first","12":"instock","13":"featured","14":"shipping-taxable","15":"purchasable","16":"product-type-simple"},"_links":{"self":[{"href":"https:\/\/www.minumagnet.ee\/ru\/wp-json\/wp\/v2\/product\/2381","targetHints":{"allow":["GET"]}}],"collection":[{"href":"https:\/\/www.minumagnet.ee\/ru\/wp-json\/wp\/v2\/product"}],"about":[{"href":"https:\/\/www.minumagnet.ee\/ru\/wp-json\/wp\/v2\/types\/product"}],"wp:featuredmedia":[{"embeddable":true,"href":"https:\/\/www.minumagnet.ee\/ru\/wp-json\/wp\/v2\/media\/2262"}],"wp:attachment":[{"href":"https:\/\/www.minumagnet.ee\/ru\/wp-json\/wp\/v2\/media?parent=2381"}],"wp:term":[{"taxonomy":"product_brand","embeddable":true,"href":"https:\/\/www.minumagnet.ee\/ru\/wp-json\/wp\/v2\/product_brand?post=2381"},{"taxonomy":"product_cat","embeddable":true,"href":"https:\/\/www.minumagnet.ee\/ru\/wp-json\/wp\/v2\/product_cat?post=2381"},{"taxonomy":"product_tag","embeddable":true,"href":"https:\/\/www.minumagnet.ee\/ru\/wp-json\/wp\/v2\/product_tag?post=2381"}],"curies":[{"name":"wp","href":"https:\/\/api.w.org\/{rel}","templated":true}]}}