{"id":1706,"date":"2025-04-11T17:24:45","date_gmt":"2025-04-11T17:24:45","guid":{"rendered":"https:\/\/www.minumagnet.ee\/?post_type=product&#038;p=1706"},"modified":"2026-01-01T09:35:22","modified_gmt":"2026-01-01T07:35:22","slug":"suurim-kingitus-on-ema-kes-toetab-ja-armastab-tingimusteta","status":"publish","type":"product","link":"https:\/\/www.minumagnet.ee\/ru\/product\/suurim-kingitus-on-ema-kes-toetab-ja-armastab-tingimusteta\/","title":{"rendered":"&#8220;Suurim kingitus on ema, kes toetab ja armastab tingimusteta&#8221;"},"content":{"rendered":"<p>See magnet on loodud emale, kelle armastus ei k\u00fcsi p\u00f5hjuseid ja kelle toetus on alati olemas. See on meeldetuletus sellest, kui suur kingitus on ema ise \u2013 oma vaikse kohalolu ja suure s\u00fcdamega.<\/p>\n<p>&nbsp;<\/p>\n<p data-start=\"558\" data-end=\"581\"><strong>Miks see magnet?<\/strong><\/p>\n<p class=\"\" data-start=\"583\" data-end=\"788\">\u2714 Ideaalne kingitus armsale inimesele \u2013 emale, kallimale v\u00f5i parimale s\u00f5brale<br data-start=\"664\" data-end=\"667\" \/>\u2714 Kvaliteetne tr\u00fckk ja tugev magnetmaterjal<br data-start=\"714\" data-end=\"717\" \/>\u2714 K\u00e4sitsi valmistatud \u2013 igasse detaili on pandud hool ja armastus<\/p>\n<h3 data-start=\"583\" data-end=\"788\"><\/h3>\n<p data-start=\"583\" data-end=\"788\">M\u00f5\u00f5dud: 6,35 cm \u00d7 6,35 cm \u2013 t\u00e4iuslik suurus, et lisada armsat emotsiooni igale k\u00fclmkapile v\u00f5i magnettahvlile!<\/p>","protected":false},"excerpt":{"rendered":"<p>See magnet on loodud emale, kelle armastus ei k\u00fcsi p\u00f5hjuseid ja kelle toetus on alati olemas. See on meeldetuletus sellest, kui suur kingitus on ema ise \u2013 oma vaikse kohalolu ja suure s\u00fcdamega. &nbsp; Miks see magnet? \u2714 Ideaalne kingitus armsale inimesele \u2013 emale, kallimale v\u00f5i parimale s\u00f5brale\u2714 Kvaliteetne tr\u00fckk ja tugev magnetmaterjal\u2714 K\u00e4sitsi valmistatud [&hellip;]<\/p>\n","protected":false},"featured_media":1707,"template":"","meta":{"site-sidebar-layout":"default","site-content-layout":"","ast-site-content-layout":"default","site-content-style":"default","site-sidebar-style":"default","ast-global-header-display":"","ast-banner-title-visibility":"","ast-main-header-display":"","ast-hfb-above-header-display":"","ast-hfb-below-header-display":"","ast-hfb-mobile-header-display":"","site-post-title":"","ast-breadcrumbs-content":"","ast-featured-img":"","footer-sml-layout":"","ast-disable-related-posts":"","theme-transparent-header-meta":"default","adv-header-id-meta":"","stick-header-meta":"","header-above-stick-meta":"","header-main-stick-meta":"","header-below-stick-meta":"","astra-migrate-meta-layouts":"set","ast-page-background-enabled":"default","ast-page-background-meta":{"desktop":{"background-color":"","background-image":"","background-repeat":"repeat","background-position":"center center","background-size":"auto","background-attachment":"scroll","background-type":"","background-media":"","overlay-type":"","overlay-color":"","overlay-opacity":"","overlay-gradient":""},"tablet":{"background-color":"","background-image":"","background-repeat":"repeat","background-position":"center center","background-size":"auto","background-attachment":"scroll","background-type":"","background-media":"","overlay-type":"","overlay-color":"","overlay-opacity":"","overlay-gradient":""},"mobile":{"background-color":"","background-image":"","background-repeat":"repeat","background-position":"center center","background-size":"auto","background-attachment":"scroll","background-type":"","background-media":"","overlay-type":"","overlay-color":"","overlay-opacity":"","overlay-gradient":""}},"ast-content-background-meta":{"desktop":{"background-color":"var(--ast-global-color-5)","background-image":"","background-repeat":"repeat","background-position":"center center","background-size":"auto","background-attachment":"scroll","background-type":"","background-media":"","overlay-type":"","overlay-color":"","overlay-opacity":"","overlay-gradient":""},"tablet":{"background-color":"var(--ast-global-color-5)","background-image":"","background-repeat":"repeat","background-position":"center center","background-size":"auto","background-attachment":"scroll","background-type":"","background-media":"","overlay-type":"","overlay-color":"","overlay-opacity":"","overlay-gradient":""},"mobile":{"background-color":"var(--ast-global-color-5)","background-image":"","background-repeat":"repeat","background-position":"center center","background-size":"auto","background-attachment":"scroll","background-type":"","background-media":"","overlay-type":"","overlay-color":"","overlay-opacity":"","overlay-gradient":""}}},"product_brand":[],"product_cat":[27],"product_tag":[],"class_list":{"0":"post-1706","1":"product","2":"type-product","3":"status-publish","4":"has-post-thumbnail","6":"product_cat-emale","7":"desktop-align-center","8":"tablet-align-left","9":"mobile-align-left","11":"first","12":"instock","13":"shipping-taxable","14":"purchasable","15":"product-type-simple"},"_links":{"self":[{"href":"https:\/\/www.minumagnet.ee\/ru\/wp-json\/wp\/v2\/product\/1706","targetHints":{"allow":["GET"]}}],"collection":[{"href":"https:\/\/www.minumagnet.ee\/ru\/wp-json\/wp\/v2\/product"}],"about":[{"href":"https:\/\/www.minumagnet.ee\/ru\/wp-json\/wp\/v2\/types\/product"}],"wp:featuredmedia":[{"embeddable":true,"href":"https:\/\/www.minumagnet.ee\/ru\/wp-json\/wp\/v2\/media\/1707"}],"wp:attachment":[{"href":"https:\/\/www.minumagnet.ee\/ru\/wp-json\/wp\/v2\/media?parent=1706"}],"wp:term":[{"taxonomy":"product_brand","embeddable":true,"href":"https:\/\/www.minumagnet.ee\/ru\/wp-json\/wp\/v2\/product_brand?post=1706"},{"taxonomy":"product_cat","embeddable":true,"href":"https:\/\/www.minumagnet.ee\/ru\/wp-json\/wp\/v2\/product_cat?post=1706"},{"taxonomy":"product_tag","embeddable":true,"href":"https:\/\/www.minumagnet.ee\/ru\/wp-json\/wp\/v2\/product_tag?post=1706"}],"curies":[{"name":"wp","href":"https:\/\/api.w.org\/{rel}","templated":true}]}}