{"id":1704,"date":"2025-04-11T17:26:24","date_gmt":"2025-04-11T17:26:24","guid":{"rendered":"https:\/\/www.minumagnet.ee\/?post_type=product&#038;p=1704"},"modified":"2026-01-01T09:35:10","modified_gmt":"2026-01-01T07:35:10","slug":"sa-pole-lihtsalt-mu-ema-sa-oled-mu-suurim-toetaja","status":"publish","type":"product","link":"https:\/\/www.minumagnet.ee\/ru\/product\/sa-pole-lihtsalt-mu-ema-sa-oled-mu-suurim-toetaja\/","title":{"rendered":"&#8220;Sa pole lihtsalt mu ema &#8211; sa oled mu suurim toetaja&#8221;"},"content":{"rendered":"<p>See magnet on kui v\u00e4ike, aga t\u00e4henduslik t\u00e4nuavaldus emale, kes on olnud k\u00f5rval igal sammul \u2013 innustades, lohutades, r\u00f5\u00f5mustades. Mitte lihtsalt ema, vaid keegi, kes usub sinusse alati, ka siis, kui sa ise kahtled.<\/p>\n<p>&nbsp;<\/p>\n<p data-start=\"678\" data-end=\"701\"><strong>Miks see magnet?<\/strong><\/p>\n<p class=\"\" data-start=\"703\" data-end=\"908\">\u2714 Ideaalne kingitus armsale inimesele \u2013 emale, kallimale v\u00f5i parimale s\u00f5brale<br data-start=\"784\" data-end=\"787\" \/>\u2714 Kvaliteetne tr\u00fckk ja tugev magnetmaterjal<br data-start=\"834\" data-end=\"837\" \/>\u2714 K\u00e4sitsi valmistatud \u2013 igasse detaili on pandud hool ja armastus<\/p>\n<h3 data-start=\"703\" data-end=\"908\"><\/h3>\n<p data-start=\"703\" data-end=\"908\">M\u00f5\u00f5dud: 6,35 cm \u00d7 6,35 cm \u2013 t\u00e4iuslik suurus, et lisada armsat emotsiooni igale k\u00fclmkapile v\u00f5i magnettahvlile!<\/p>","protected":false},"excerpt":{"rendered":"<p>See magnet on kui v\u00e4ike, aga t\u00e4henduslik t\u00e4nuavaldus emale, kes on olnud k\u00f5rval igal sammul \u2013 innustades, lohutades, r\u00f5\u00f5mustades. Mitte lihtsalt ema, vaid keegi, kes usub sinusse alati, ka siis, kui sa ise kahtled. &nbsp; Miks see magnet? \u2714 Ideaalne kingitus armsale inimesele \u2013 emale, kallimale v\u00f5i parimale s\u00f5brale\u2714 Kvaliteetne tr\u00fckk ja tugev magnetmaterjal\u2714 K\u00e4sitsi [&hellip;]<\/p>\n","protected":false},"featured_media":1705,"template":"","meta":{"site-sidebar-layout":"default","site-content-layout":"","ast-site-content-layout":"default","site-content-style":"default","site-sidebar-style":"default","ast-global-header-display":"","ast-banner-title-visibility":"","ast-main-header-display":"","ast-hfb-above-header-display":"","ast-hfb-below-header-display":"","ast-hfb-mobile-header-display":"","site-post-title":"","ast-breadcrumbs-content":"","ast-featured-img":"","footer-sml-layout":"","ast-disable-related-posts":"","theme-transparent-header-meta":"default","adv-header-id-meta":"","stick-header-meta":"","header-above-stick-meta":"","header-main-stick-meta":"","header-below-stick-meta":"","astra-migrate-meta-layouts":"set","ast-page-background-enabled":"default","ast-page-background-meta":{"desktop":{"background-color":"","background-image":"","background-repeat":"repeat","background-position":"center center","background-size":"auto","background-attachment":"scroll","background-type":"","background-media":"","overlay-type":"","overlay-color":"","overlay-opacity":"","overlay-gradient":""},"tablet":{"background-color":"","background-image":"","background-repeat":"repeat","background-position":"center center","background-size":"auto","background-attachment":"scroll","background-type":"","background-media":"","overlay-type":"","overlay-color":"","overlay-opacity":"","overlay-gradient":""},"mobile":{"background-color":"","background-image":"","background-repeat":"repeat","background-position":"center center","background-size":"auto","background-attachment":"scroll","background-type":"","background-media":"","overlay-type":"","overlay-color":"","overlay-opacity":"","overlay-gradient":""}},"ast-content-background-meta":{"desktop":{"background-color":"var(--ast-global-color-5)","background-image":"","background-repeat":"repeat","background-position":"center center","background-size":"auto","background-attachment":"scroll","background-type":"","background-media":"","overlay-type":"","overlay-color":"","overlay-opacity":"","overlay-gradient":""},"tablet":{"background-color":"var(--ast-global-color-5)","background-image":"","background-repeat":"repeat","background-position":"center center","background-size":"auto","background-attachment":"scroll","background-type":"","background-media":"","overlay-type":"","overlay-color":"","overlay-opacity":"","overlay-gradient":""},"mobile":{"background-color":"var(--ast-global-color-5)","background-image":"","background-repeat":"repeat","background-position":"center center","background-size":"auto","background-attachment":"scroll","background-type":"","background-media":"","overlay-type":"","overlay-color":"","overlay-opacity":"","overlay-gradient":""}}},"product_brand":[],"product_cat":[27],"product_tag":[],"class_list":{"0":"post-1704","1":"product","2":"type-product","3":"status-publish","4":"has-post-thumbnail","6":"product_cat-emale","7":"desktop-align-center","8":"tablet-align-left","9":"mobile-align-left","11":"first","12":"instock","13":"shipping-taxable","14":"purchasable","15":"product-type-simple"},"_links":{"self":[{"href":"https:\/\/www.minumagnet.ee\/ru\/wp-json\/wp\/v2\/product\/1704","targetHints":{"allow":["GET"]}}],"collection":[{"href":"https:\/\/www.minumagnet.ee\/ru\/wp-json\/wp\/v2\/product"}],"about":[{"href":"https:\/\/www.minumagnet.ee\/ru\/wp-json\/wp\/v2\/types\/product"}],"wp:featuredmedia":[{"embeddable":true,"href":"https:\/\/www.minumagnet.ee\/ru\/wp-json\/wp\/v2\/media\/1705"}],"wp:attachment":[{"href":"https:\/\/www.minumagnet.ee\/ru\/wp-json\/wp\/v2\/media?parent=1704"}],"wp:term":[{"taxonomy":"product_brand","embeddable":true,"href":"https:\/\/www.minumagnet.ee\/ru\/wp-json\/wp\/v2\/product_brand?post=1704"},{"taxonomy":"product_cat","embeddable":true,"href":"https:\/\/www.minumagnet.ee\/ru\/wp-json\/wp\/v2\/product_cat?post=1704"},{"taxonomy":"product_tag","embeddable":true,"href":"https:\/\/www.minumagnet.ee\/ru\/wp-json\/wp\/v2\/product_tag?post=1704"}],"curies":[{"name":"wp","href":"https:\/\/api.w.org\/{rel}","templated":true}]}}