{"id":1702,"date":"2025-04-11T17:28:51","date_gmt":"2025-04-11T17:28:51","guid":{"rendered":"https:\/\/www.minumagnet.ee\/?post_type=product&#038;p=1702"},"modified":"2026-01-01T09:34:58","modified_gmt":"2026-01-01T07:34:58","slug":"koige-monusam-kallistus-tuleb-ikka-ja-alati-emmelt","status":"publish","type":"product","link":"https:\/\/www.minumagnet.ee\/ru\/product\/koige-monusam-kallistus-tuleb-ikka-ja-alati-emmelt\/","title":{"rendered":"&#8220;K\u00f5ige m\u00f5nusam kallistus tuleb ikka ja alati emmelt&#8221;"},"content":{"rendered":"<p>Pehme, soe ja turvaline \u2013 just selline on emme kallistus. See pandakaru pildiga magnet on meenutab \u00fcht m\u00f5nusat ema kallistust.<\/p>\n<p>&nbsp;<\/p>\n<p data-start=\"623\" data-end=\"646\"><strong>Miks see magnet?<\/strong><\/p>\n<p class=\"\" data-start=\"648\" data-end=\"853\">\u2714 Ideaalne kingitus armsale inimesele \u2013 emale, kallimale v\u00f5i parimale s\u00f5brale<br data-start=\"729\" data-end=\"732\" \/>\u2714 Kvaliteetne tr\u00fckk ja tugev magnetmaterjal<br data-start=\"779\" data-end=\"782\" \/>\u2714 K\u00e4sitsi valmistatud \u2013 igasse detaili on pandud hool ja armastus<\/p>\n<h3 data-start=\"648\" data-end=\"853\"><\/h3>\n<p data-start=\"648\" data-end=\"853\">M\u00f5\u00f5dud: 6,35 cm \u00d7 6,35 cm \u2013 t\u00e4iuslik suurus, et lisada armsat emotsiooni igale k\u00fclmkapile v\u00f5i magnettahvlile!<\/p>","protected":false},"excerpt":{"rendered":"<p>Pehme, soe ja turvaline \u2013 just selline on emme kallistus. See pandakaru pildiga magnet on meenutab \u00fcht m\u00f5nusat ema kallistust. &nbsp; Miks see magnet? \u2714 Ideaalne kingitus armsale inimesele \u2013 emale, kallimale v\u00f5i parimale s\u00f5brale\u2714 Kvaliteetne tr\u00fckk ja tugev magnetmaterjal\u2714 K\u00e4sitsi valmistatud \u2013 igasse detaili on pandud hool ja armastus M\u00f5\u00f5dud: 6,35 cm \u00d7 6,35 [&hellip;]<\/p>\n","protected":false},"featured_media":1703,"template":"","meta":{"site-sidebar-layout":"default","site-content-layout":"","ast-site-content-layout":"default","site-content-style":"default","site-sidebar-style":"default","ast-global-header-display":"","ast-banner-title-visibility":"","ast-main-header-display":"","ast-hfb-above-header-display":"","ast-hfb-below-header-display":"","ast-hfb-mobile-header-display":"","site-post-title":"","ast-breadcrumbs-content":"","ast-featured-img":"","footer-sml-layout":"","ast-disable-related-posts":"","theme-transparent-header-meta":"default","adv-header-id-meta":"","stick-header-meta":"","header-above-stick-meta":"","header-main-stick-meta":"","header-below-stick-meta":"","astra-migrate-meta-layouts":"set","ast-page-background-enabled":"default","ast-page-background-meta":{"desktop":{"background-color":"","background-image":"","background-repeat":"repeat","background-position":"center center","background-size":"auto","background-attachment":"scroll","background-type":"","background-media":"","overlay-type":"","overlay-color":"","overlay-opacity":"","overlay-gradient":""},"tablet":{"background-color":"","background-image":"","background-repeat":"repeat","background-position":"center center","background-size":"auto","background-attachment":"scroll","background-type":"","background-media":"","overlay-type":"","overlay-color":"","overlay-opacity":"","overlay-gradient":""},"mobile":{"background-color":"","background-image":"","background-repeat":"repeat","background-position":"center center","background-size":"auto","background-attachment":"scroll","background-type":"","background-media":"","overlay-type":"","overlay-color":"","overlay-opacity":"","overlay-gradient":""}},"ast-content-background-meta":{"desktop":{"background-color":"var(--ast-global-color-5)","background-image":"","background-repeat":"repeat","background-position":"center center","background-size":"auto","background-attachment":"scroll","background-type":"","background-media":"","overlay-type":"","overlay-color":"","overlay-opacity":"","overlay-gradient":""},"tablet":{"background-color":"var(--ast-global-color-5)","background-image":"","background-repeat":"repeat","background-position":"center center","background-size":"auto","background-attachment":"scroll","background-type":"","background-media":"","overlay-type":"","overlay-color":"","overlay-opacity":"","overlay-gradient":""},"mobile":{"background-color":"var(--ast-global-color-5)","background-image":"","background-repeat":"repeat","background-position":"center center","background-size":"auto","background-attachment":"scroll","background-type":"","background-media":"","overlay-type":"","overlay-color":"","overlay-opacity":"","overlay-gradient":""}}},"product_brand":[],"product_cat":[27],"product_tag":[],"class_list":{"0":"post-1702","1":"product","2":"type-product","3":"status-publish","4":"has-post-thumbnail","6":"product_cat-emale","7":"desktop-align-center","8":"tablet-align-left","9":"mobile-align-left","11":"first","12":"instock","13":"shipping-taxable","14":"purchasable","15":"product-type-simple"},"_links":{"self":[{"href":"https:\/\/www.minumagnet.ee\/ru\/wp-json\/wp\/v2\/product\/1702","targetHints":{"allow":["GET"]}}],"collection":[{"href":"https:\/\/www.minumagnet.ee\/ru\/wp-json\/wp\/v2\/product"}],"about":[{"href":"https:\/\/www.minumagnet.ee\/ru\/wp-json\/wp\/v2\/types\/product"}],"wp:featuredmedia":[{"embeddable":true,"href":"https:\/\/www.minumagnet.ee\/ru\/wp-json\/wp\/v2\/media\/1703"}],"wp:attachment":[{"href":"https:\/\/www.minumagnet.ee\/ru\/wp-json\/wp\/v2\/media?parent=1702"}],"wp:term":[{"taxonomy":"product_brand","embeddable":true,"href":"https:\/\/www.minumagnet.ee\/ru\/wp-json\/wp\/v2\/product_brand?post=1702"},{"taxonomy":"product_cat","embeddable":true,"href":"https:\/\/www.minumagnet.ee\/ru\/wp-json\/wp\/v2\/product_cat?post=1702"},{"taxonomy":"product_tag","embeddable":true,"href":"https:\/\/www.minumagnet.ee\/ru\/wp-json\/wp\/v2\/product_tag?post=1702"}],"curies":[{"name":"wp","href":"https:\/\/api.w.org\/{rel}","templated":true}]}}