{"id":1543,"date":"2025-02-17T19:01:13","date_gmt":"2025-02-17T19:01:13","guid":{"rendered":"https:\/\/www.minumagnet.ee\/?post_type=product&#038;p=1543"},"modified":"2026-01-01T09:35:51","modified_gmt":"2026-01-01T07:35:51","slug":"sonadega-ei-saa-oelda-kui-kallis","status":"publish","type":"product","link":"https:\/\/www.minumagnet.ee\/ru\/product\/sonadega-ei-saa-oelda-kui-kallis\/","title":{"rendered":"&#8220;S\u00f5nadega ei saa \u00f6elda, kui kallis sa mulle oled&#8221;"},"content":{"rendered":"<p data-start=\"227\" data-end=\"532\">M\u00f5nikord pole s\u00f5nu vajagi \u2013 armastus ja hoolivus r\u00e4\u00e4givad iseenda eest! See <strong data-start=\"303\" data-end=\"326\">\u00f5rn ja armas magnet<\/strong> on t\u00e4iuslik viis n\u00e4idata kellelegi, kui eriline ja kallis ta sulle on. Lihtne, kuid v\u00e4ljendusrikas kujundus ning s\u00fcdamest tulev s\u00f5num muudavad selle ideaalseks lisaks igale k\u00fclmkapile v\u00f5i magnettahvlile.<\/p>\n<h3 data-start=\"227\" data-end=\"532\"><\/h3>\n<p data-start=\"534\" data-end=\"736\"><strong data-start=\"537\" data-end=\"557\">Miks see magnet?<\/strong><br data-start=\"557\" data-end=\"560\" \/>\u2714 Ideaalne kingitus s\u00f5brale, kallimale v\u00f5i pereliikmele<br data-start=\"615\" data-end=\"618\" \/>\u2714 Kvaliteetne tr\u00fckk ja vastupidav magnetmaterjal<br data-start=\"666\" data-end=\"669\" \/>\u2714 K\u00e4sitsi valmistatud \u2013 igasse detaili on pandud hool ja armastus<\/p>\n<h3 data-start=\"738\" data-end=\"832\"><\/h3>\n<p data-start=\"738\" data-end=\"832\" data-is-last-node=\"\">M\u00f5\u00f5dud: 6,35 cm x 6,35 cm \u2013 t\u00e4iuslik suurus, et lisada armsat emotsiooni igale k\u00fclmkapile v\u00f5i magnettahvlile!<\/p>","protected":false},"excerpt":{"rendered":"<p>&nbsp;<\/p>\n<p>Armsalt s\u00fcdamlik magnet, mis \u00fctleb rohkem kui tuhat s\u00f5na!<\/p>","protected":false},"featured_media":1674,"template":"","meta":{"site-sidebar-layout":"default","site-content-layout":"","ast-site-content-layout":"default","site-content-style":"default","site-sidebar-style":"default","ast-global-header-display":"","ast-banner-title-visibility":"","ast-main-header-display":"","ast-hfb-above-header-display":"","ast-hfb-below-header-display":"","ast-hfb-mobile-header-display":"","site-post-title":"","ast-breadcrumbs-content":"","ast-featured-img":"","footer-sml-layout":"","ast-disable-related-posts":"","theme-transparent-header-meta":"default","adv-header-id-meta":"","stick-header-meta":"","header-above-stick-meta":"","header-main-stick-meta":"","header-below-stick-meta":"","astra-migrate-meta-layouts":"set","ast-page-background-enabled":"default","ast-page-background-meta":{"desktop":{"background-color":"","background-image":"","background-repeat":"repeat","background-position":"center center","background-size":"auto","background-attachment":"scroll","background-type":"","background-media":"","overlay-type":"","overlay-color":"","overlay-opacity":"","overlay-gradient":""},"tablet":{"background-color":"","background-image":"","background-repeat":"repeat","background-position":"center center","background-size":"auto","background-attachment":"scroll","background-type":"","background-media":"","overlay-type":"","overlay-color":"","overlay-opacity":"","overlay-gradient":""},"mobile":{"background-color":"","background-image":"","background-repeat":"repeat","background-position":"center center","background-size":"auto","background-attachment":"scroll","background-type":"","background-media":"","overlay-type":"","overlay-color":"","overlay-opacity":"","overlay-gradient":""}},"ast-content-background-meta":{"desktop":{"background-color":"var(--ast-global-color-5)","background-image":"","background-repeat":"repeat","background-position":"center center","background-size":"auto","background-attachment":"scroll","background-type":"","background-media":"","overlay-type":"","overlay-color":"","overlay-opacity":"","overlay-gradient":""},"tablet":{"background-color":"var(--ast-global-color-5)","background-image":"","background-repeat":"repeat","background-position":"center center","background-size":"auto","background-attachment":"scroll","background-type":"","background-media":"","overlay-type":"","overlay-color":"","overlay-opacity":"","overlay-gradient":""},"mobile":{"background-color":"var(--ast-global-color-5)","background-image":"","background-repeat":"repeat","background-position":"center center","background-size":"auto","background-attachment":"scroll","background-type":"","background-media":"","overlay-type":"","overlay-color":"","overlay-opacity":"","overlay-gradient":""}}},"product_brand":[],"product_cat":[25],"product_tag":[],"class_list":{"0":"post-1543","1":"product","2":"type-product","3":"status-publish","4":"has-post-thumbnail","6":"product_cat-kallile-inimesele","7":"desktop-align-center","8":"tablet-align-left","9":"mobile-align-left","11":"first","12":"instock","13":"shipping-taxable","14":"purchasable","15":"product-type-simple"},"_links":{"self":[{"href":"https:\/\/www.minumagnet.ee\/ru\/wp-json\/wp\/v2\/product\/1543","targetHints":{"allow":["GET"]}}],"collection":[{"href":"https:\/\/www.minumagnet.ee\/ru\/wp-json\/wp\/v2\/product"}],"about":[{"href":"https:\/\/www.minumagnet.ee\/ru\/wp-json\/wp\/v2\/types\/product"}],"wp:featuredmedia":[{"embeddable":true,"href":"https:\/\/www.minumagnet.ee\/ru\/wp-json\/wp\/v2\/media\/1674"}],"wp:attachment":[{"href":"https:\/\/www.minumagnet.ee\/ru\/wp-json\/wp\/v2\/media?parent=1543"}],"wp:term":[{"taxonomy":"product_brand","embeddable":true,"href":"https:\/\/www.minumagnet.ee\/ru\/wp-json\/wp\/v2\/product_brand?post=1543"},{"taxonomy":"product_cat","embeddable":true,"href":"https:\/\/www.minumagnet.ee\/ru\/wp-json\/wp\/v2\/product_cat?post=1543"},{"taxonomy":"product_tag","embeddable":true,"href":"https:\/\/www.minumagnet.ee\/ru\/wp-json\/wp\/v2\/product_tag?post=1543"}],"curies":[{"name":"wp","href":"https:\/\/api.w.org\/{rel}","templated":true}]}}