{"id":1542,"date":"2025-02-17T18:55:34","date_gmt":"2025-02-17T18:55:34","guid":{"rendered":"https:\/\/www.minumagnet.ee\/?post_type=product&#038;p=1542"},"modified":"2026-01-01T09:35:58","modified_gmt":"2026-01-01T07:35:58","slug":"oled-mulle-koige-koige-kallim","status":"publish","type":"product","link":"https:\/\/www.minumagnet.ee\/ru\/product\/oled-mulle-koige-koige-kallim\/","title":{"rendered":"&#8220;Oled mulle k\u00f5ige-k\u00f5ige kallim&#8221;"},"content":{"rendered":"<p data-start=\"231\" data-end=\"549\">M\u00f5nikord piisab vaid armsast \u017eestist, et n\u00e4idata kellelegi, kui v\u00e4ga me temast hoolime! See <strong data-start=\"323\" data-end=\"359\">minimalistlik ja s\u00fcdamlik magnet<\/strong> on t\u00e4iuslik viis \u00f6elda \u201eSa oled mulle kallis\u201c. \u00d5rn pastellne taust, lihtsad, kuid armsad tegelased ning s\u00fcdamest tulev s\u00f5num loovad sooja ja r\u00f5\u00f5msa tunde igal k\u00fclmkapil v\u00f5i magnettahvlil.<\/p>\n<h3 data-start=\"231\" data-end=\"549\"><\/h3>\n<p data-start=\"551\" data-end=\"766\"><strong data-start=\"554\" data-end=\"574\">Miks see magnet?<\/strong><br data-start=\"574\" data-end=\"577\" \/>\u2714 Ideaalne kingitus l\u00e4hedasele \u2013 emale, isale, s\u00f5brale v\u00f5i kallimale<br data-start=\"645\" data-end=\"648\" \/>\u2714 Kvaliteetne tr\u00fckk ja vastupidav magnetmaterjal<br data-start=\"696\" data-end=\"699\" \/>\u2714 K\u00e4sitsi valmistatud \u2013 igasse detaili on pandud hool ja armastus<\/p>\n<h3 data-start=\"768\" data-end=\"862\"><\/h3>\n<p data-start=\"768\" data-end=\"862\" data-is-last-node=\"\">M\u00f5\u00f5dud: 6,35 cm x 6,35 cm \u2013 t\u00e4iuslik suurus, et lisada armsat emotsiooni igale k\u00fclmkapile v\u00f5i magnettahvlile!<\/p>","protected":false},"excerpt":{"rendered":"<p>\ud83d\udc96 Armsalt lihtne ja s\u00fcdamlik magnet, mis v\u00e4ljendab siirast kiindumust. Ideaalne kingitus kallimale, s\u00f5brale v\u00f5i pereliikmele, et n\u00e4idata, kui t\u00e4htis ta sulle on!<\/p>","protected":false},"featured_media":1676,"template":"","meta":{"site-sidebar-layout":"default","site-content-layout":"","ast-site-content-layout":"default","site-content-style":"default","site-sidebar-style":"default","ast-global-header-display":"","ast-banner-title-visibility":"","ast-main-header-display":"","ast-hfb-above-header-display":"","ast-hfb-below-header-display":"","ast-hfb-mobile-header-display":"","site-post-title":"","ast-breadcrumbs-content":"","ast-featured-img":"","footer-sml-layout":"","ast-disable-related-posts":"","theme-transparent-header-meta":"default","adv-header-id-meta":"","stick-header-meta":"","header-above-stick-meta":"","header-main-stick-meta":"","header-below-stick-meta":"","astra-migrate-meta-layouts":"set","ast-page-background-enabled":"default","ast-page-background-meta":{"desktop":{"background-color":"","background-image":"","background-repeat":"repeat","background-position":"center center","background-size":"auto","background-attachment":"scroll","background-type":"","background-media":"","overlay-type":"","overlay-color":"","overlay-opacity":"","overlay-gradient":""},"tablet":{"background-color":"","background-image":"","background-repeat":"repeat","background-position":"center center","background-size":"auto","background-attachment":"scroll","background-type":"","background-media":"","overlay-type":"","overlay-color":"","overlay-opacity":"","overlay-gradient":""},"mobile":{"background-color":"","background-image":"","background-repeat":"repeat","background-position":"center center","background-size":"auto","background-attachment":"scroll","background-type":"","background-media":"","overlay-type":"","overlay-color":"","overlay-opacity":"","overlay-gradient":""}},"ast-content-background-meta":{"desktop":{"background-color":"var(--ast-global-color-5)","background-image":"","background-repeat":"repeat","background-position":"center center","background-size":"auto","background-attachment":"scroll","background-type":"","background-media":"","overlay-type":"","overlay-color":"","overlay-opacity":"","overlay-gradient":""},"tablet":{"background-color":"var(--ast-global-color-5)","background-image":"","background-repeat":"repeat","background-position":"center center","background-size":"auto","background-attachment":"scroll","background-type":"","background-media":"","overlay-type":"","overlay-color":"","overlay-opacity":"","overlay-gradient":""},"mobile":{"background-color":"var(--ast-global-color-5)","background-image":"","background-repeat":"repeat","background-position":"center center","background-size":"auto","background-attachment":"scroll","background-type":"","background-media":"","overlay-type":"","overlay-color":"","overlay-opacity":"","overlay-gradient":""}}},"product_brand":[],"product_cat":[25],"product_tag":[],"class_list":{"0":"post-1542","1":"product","2":"type-product","3":"status-publish","4":"has-post-thumbnail","6":"product_cat-kallile-inimesele","7":"desktop-align-center","8":"tablet-align-left","9":"mobile-align-left","11":"first","12":"instock","13":"shipping-taxable","14":"purchasable","15":"product-type-simple"},"_links":{"self":[{"href":"https:\/\/www.minumagnet.ee\/ru\/wp-json\/wp\/v2\/product\/1542","targetHints":{"allow":["GET"]}}],"collection":[{"href":"https:\/\/www.minumagnet.ee\/ru\/wp-json\/wp\/v2\/product"}],"about":[{"href":"https:\/\/www.minumagnet.ee\/ru\/wp-json\/wp\/v2\/types\/product"}],"wp:featuredmedia":[{"embeddable":true,"href":"https:\/\/www.minumagnet.ee\/ru\/wp-json\/wp\/v2\/media\/1676"}],"wp:attachment":[{"href":"https:\/\/www.minumagnet.ee\/ru\/wp-json\/wp\/v2\/media?parent=1542"}],"wp:term":[{"taxonomy":"product_brand","embeddable":true,"href":"https:\/\/www.minumagnet.ee\/ru\/wp-json\/wp\/v2\/product_brand?post=1542"},{"taxonomy":"product_cat","embeddable":true,"href":"https:\/\/www.minumagnet.ee\/ru\/wp-json\/wp\/v2\/product_cat?post=1542"},{"taxonomy":"product_tag","embeddable":true,"href":"https:\/\/www.minumagnet.ee\/ru\/wp-json\/wp\/v2\/product_tag?post=1542"}],"curies":[{"name":"wp","href":"https:\/\/api.w.org\/{rel}","templated":true}]}}