{"id":1541,"date":"2025-02-17T18:54:20","date_gmt":"2025-02-17T18:54:20","guid":{"rendered":"https:\/\/www.minumagnet.ee\/?post_type=product&#038;p=1541"},"modified":"2026-01-01T09:36:05","modified_gmt":"2026-01-01T07:36:05","slug":"meie-suudlused-on-nagu-kirsid","status":"publish","type":"product","link":"https:\/\/www.minumagnet.ee\/ru\/product\/meie-suudlused-on-nagu-kirsid\/","title":{"rendered":"&#8220;Meie suudlused on nagu kirsid&#8230;&#8221;"},"content":{"rendered":"<p data-start=\"208\" data-end=\"536\">M\u00f5ned asjad elus on lihtsalt nii head, et neist ei piisa kunagi vaid \u00fcks! See <strong data-start=\"286\" data-end=\"322\">kirsikeste ja suudlustega magnet<\/strong> on m\u00e4nguline ja armastav meeldetuletus, et parimad hetked tulevad alati mitmuses. Roosades toonides taust ja armsad detailid loovad romantilise ja r\u00f5\u00f5msa meeleolu, mis sobib ideaalselt igale armastuse austajale.<\/p>\n<h3 data-start=\"208\" data-end=\"536\"><\/h3>\n<p data-start=\"538\" data-end=\"729\"><strong data-start=\"541\" data-end=\"561\">Miks see magnet?<\/strong><br data-start=\"561\" data-end=\"564\" \/>\u2714 Ideaalne kingitus kallimale v\u00f5i abikaasale<br data-start=\"608\" data-end=\"611\" \/>\u2714 Kvaliteetne tr\u00fckk ja vastupidav magnetmaterjal<br data-start=\"659\" data-end=\"662\" \/>\u2714 K\u00e4sitsi valmistatud \u2013 igasse detaili on pandud hool ja armastus<\/p>\n<h3 data-start=\"731\" data-end=\"815\"><\/h3>\n<p data-start=\"731\" data-end=\"815\" data-is-last-node=\"\">M\u00f5\u00f5dud: 6,35 cm x 6,35 cm \u2013 t\u00e4iuslik suurus, et lisada armsat emotsiooni igale k\u00fclmkapile v\u00f5i magnettahvlile!<\/p>","protected":false},"excerpt":{"rendered":"<p>\ud83c\udf52 L\u00f5bus ja romantiline magnet, mis toob magusaid hetki igasse p\u00e4eva! Ideaalne kingitus kallimale, et tuua naeratust ja armsaid emotsioone.<\/p>","protected":false},"featured_media":1682,"template":"","meta":{"site-sidebar-layout":"default","site-content-layout":"","ast-site-content-layout":"default","site-content-style":"default","site-sidebar-style":"default","ast-global-header-display":"","ast-banner-title-visibility":"","ast-main-header-display":"","ast-hfb-above-header-display":"","ast-hfb-below-header-display":"","ast-hfb-mobile-header-display":"","site-post-title":"","ast-breadcrumbs-content":"","ast-featured-img":"","footer-sml-layout":"","ast-disable-related-posts":"","theme-transparent-header-meta":"default","adv-header-id-meta":"","stick-header-meta":"","header-above-stick-meta":"","header-main-stick-meta":"","header-below-stick-meta":"","astra-migrate-meta-layouts":"set","ast-page-background-enabled":"default","ast-page-background-meta":{"desktop":{"background-color":"","background-image":"","background-repeat":"repeat","background-position":"center center","background-size":"auto","background-attachment":"scroll","background-type":"","background-media":"","overlay-type":"","overlay-color":"","overlay-opacity":"","overlay-gradient":""},"tablet":{"background-color":"","background-image":"","background-repeat":"repeat","background-position":"center center","background-size":"auto","background-attachment":"scroll","background-type":"","background-media":"","overlay-type":"","overlay-color":"","overlay-opacity":"","overlay-gradient":""},"mobile":{"background-color":"","background-image":"","background-repeat":"repeat","background-position":"center center","background-size":"auto","background-attachment":"scroll","background-type":"","background-media":"","overlay-type":"","overlay-color":"","overlay-opacity":"","overlay-gradient":""}},"ast-content-background-meta":{"desktop":{"background-color":"var(--ast-global-color-5)","background-image":"","background-repeat":"repeat","background-position":"center center","background-size":"auto","background-attachment":"scroll","background-type":"","background-media":"","overlay-type":"","overlay-color":"","overlay-opacity":"","overlay-gradient":""},"tablet":{"background-color":"var(--ast-global-color-5)","background-image":"","background-repeat":"repeat","background-position":"center center","background-size":"auto","background-attachment":"scroll","background-type":"","background-media":"","overlay-type":"","overlay-color":"","overlay-opacity":"","overlay-gradient":""},"mobile":{"background-color":"var(--ast-global-color-5)","background-image":"","background-repeat":"repeat","background-position":"center center","background-size":"auto","background-attachment":"scroll","background-type":"","background-media":"","overlay-type":"","overlay-color":"","overlay-opacity":"","overlay-gradient":""}}},"product_brand":[],"product_cat":[25],"product_tag":[],"class_list":{"0":"post-1541","1":"product","2":"type-product","3":"status-publish","4":"has-post-thumbnail","6":"product_cat-kallile-inimesele","7":"desktop-align-center","8":"tablet-align-left","9":"mobile-align-left","11":"first","12":"instock","13":"shipping-taxable","14":"purchasable","15":"product-type-simple"},"_links":{"self":[{"href":"https:\/\/www.minumagnet.ee\/ru\/wp-json\/wp\/v2\/product\/1541","targetHints":{"allow":["GET"]}}],"collection":[{"href":"https:\/\/www.minumagnet.ee\/ru\/wp-json\/wp\/v2\/product"}],"about":[{"href":"https:\/\/www.minumagnet.ee\/ru\/wp-json\/wp\/v2\/types\/product"}],"wp:featuredmedia":[{"embeddable":true,"href":"https:\/\/www.minumagnet.ee\/ru\/wp-json\/wp\/v2\/media\/1682"}],"wp:attachment":[{"href":"https:\/\/www.minumagnet.ee\/ru\/wp-json\/wp\/v2\/media?parent=1541"}],"wp:term":[{"taxonomy":"product_brand","embeddable":true,"href":"https:\/\/www.minumagnet.ee\/ru\/wp-json\/wp\/v2\/product_brand?post=1541"},{"taxonomy":"product_cat","embeddable":true,"href":"https:\/\/www.minumagnet.ee\/ru\/wp-json\/wp\/v2\/product_cat?post=1541"},{"taxonomy":"product_tag","embeddable":true,"href":"https:\/\/www.minumagnet.ee\/ru\/wp-json\/wp\/v2\/product_tag?post=1541"}],"curies":[{"name":"wp","href":"https:\/\/api.w.org\/{rel}","templated":true}]}}