{"id":1540,"date":"2025-02-17T18:52:49","date_gmt":"2025-02-17T18:52:49","guid":{"rendered":"https:\/\/www.minumagnet.ee\/?post_type=product&#038;p=1540"},"modified":"2026-01-01T09:36:12","modified_gmt":"2026-01-01T07:36:12","slug":"iga-paev-sinuga-on-nagu-vaike-ime","status":"publish","type":"product","link":"https:\/\/www.minumagnet.ee\/ru\/product\/iga-paev-sinuga-on-nagu-vaike-ime\/","title":{"rendered":"&#8220;Iga p\u00e4ev sinuga on nagu v\u00e4ike ime&#8230;&#8221;"},"content":{"rendered":"<p data-start=\"236\" data-end=\"573\">M\u00f5ned inimesed toovad meie ellu lihtsalt nii palju r\u00f5\u00f5mu, et iga p\u00e4ev nende k\u00f5rval tundub nagu v\u00e4ike ime! See <strong data-start=\"346\" data-end=\"365\">koaalaga magnet<\/strong> s\u00fcmboliseerib armastust ja hoolivust ning on t\u00e4iuslik meeldetuletus kellelegi erilisele, et ta teeb su elu ilusamaks. \u00d5rnad roosad toonid ja lillemotiivid lisavad sellele magnetile pehmust ja positiivsust.<\/p>\n<h3 data-start=\"236\" data-end=\"573\"><\/h3>\n<p data-start=\"575\" data-end=\"794\"><strong data-start=\"578\" data-end=\"598\">Miks see magnet?<\/strong><br data-start=\"598\" data-end=\"601\" \/>\u2714 Ideaalne kingitus armsale inimesele \u2013 emale, kallimale v\u00f5i parimale s\u00f5brale<br data-start=\"678\" data-end=\"681\" \/>\u2714 Kvaliteetne tr\u00fckk ja tugev magnetmaterjal<br data-start=\"724\" data-end=\"727\" \/>\u2714 K\u00e4sitsi valmistatud \u2013 igasse detaili on pandud hool ja armastus<\/p>\n<h3 data-start=\"796\" data-end=\"903\"><\/h3>\n<p data-start=\"796\" data-end=\"903\" data-is-last-node=\"\">M\u00f5\u00f5dud: 6,35 cm x 6,35 cm \u2013 t\u00e4iuslik suurus, et lisada armsat emotsiooni igale k\u00fclmkapile v\u00f5i magnettahvlile!<\/p>","protected":false},"excerpt":{"rendered":"<p>\ud83d\udc28 Armas ja s\u00fcdamlik magnet, mis toob r\u00f5\u00f5mu ja soojust igasse p\u00e4eva. Ideaalne kingitus kallimale, s\u00f5brale v\u00f5i pereliikmele, et n\u00e4idata, kui palju nad sulle t\u00e4hendavad!<\/p>","protected":false},"featured_media":1684,"template":"","meta":{"site-sidebar-layout":"default","site-content-layout":"","ast-site-content-layout":"default","site-content-style":"default","site-sidebar-style":"default","ast-global-header-display":"","ast-banner-title-visibility":"","ast-main-header-display":"","ast-hfb-above-header-display":"","ast-hfb-below-header-display":"","ast-hfb-mobile-header-display":"","site-post-title":"","ast-breadcrumbs-content":"","ast-featured-img":"","footer-sml-layout":"","ast-disable-related-posts":"","theme-transparent-header-meta":"default","adv-header-id-meta":"","stick-header-meta":"","header-above-stick-meta":"","header-main-stick-meta":"","header-below-stick-meta":"","astra-migrate-meta-layouts":"set","ast-page-background-enabled":"default","ast-page-background-meta":{"desktop":{"background-color":"","background-image":"","background-repeat":"repeat","background-position":"center center","background-size":"auto","background-attachment":"scroll","background-type":"","background-media":"","overlay-type":"","overlay-color":"","overlay-opacity":"","overlay-gradient":""},"tablet":{"background-color":"","background-image":"","background-repeat":"repeat","background-position":"center center","background-size":"auto","background-attachment":"scroll","background-type":"","background-media":"","overlay-type":"","overlay-color":"","overlay-opacity":"","overlay-gradient":""},"mobile":{"background-color":"","background-image":"","background-repeat":"repeat","background-position":"center center","background-size":"auto","background-attachment":"scroll","background-type":"","background-media":"","overlay-type":"","overlay-color":"","overlay-opacity":"","overlay-gradient":""}},"ast-content-background-meta":{"desktop":{"background-color":"var(--ast-global-color-5)","background-image":"","background-repeat":"repeat","background-position":"center center","background-size":"auto","background-attachment":"scroll","background-type":"","background-media":"","overlay-type":"","overlay-color":"","overlay-opacity":"","overlay-gradient":""},"tablet":{"background-color":"var(--ast-global-color-5)","background-image":"","background-repeat":"repeat","background-position":"center center","background-size":"auto","background-attachment":"scroll","background-type":"","background-media":"","overlay-type":"","overlay-color":"","overlay-opacity":"","overlay-gradient":""},"mobile":{"background-color":"var(--ast-global-color-5)","background-image":"","background-repeat":"repeat","background-position":"center center","background-size":"auto","background-attachment":"scroll","background-type":"","background-media":"","overlay-type":"","overlay-color":"","overlay-opacity":"","overlay-gradient":""}}},"product_brand":[],"product_cat":[25],"product_tag":[],"class_list":{"0":"post-1540","1":"product","2":"type-product","3":"status-publish","4":"has-post-thumbnail","6":"product_cat-kallile-inimesele","7":"desktop-align-center","8":"tablet-align-left","9":"mobile-align-left","11":"first","12":"instock","13":"shipping-taxable","14":"purchasable","15":"product-type-simple"},"_links":{"self":[{"href":"https:\/\/www.minumagnet.ee\/ru\/wp-json\/wp\/v2\/product\/1540","targetHints":{"allow":["GET"]}}],"collection":[{"href":"https:\/\/www.minumagnet.ee\/ru\/wp-json\/wp\/v2\/product"}],"about":[{"href":"https:\/\/www.minumagnet.ee\/ru\/wp-json\/wp\/v2\/types\/product"}],"wp:featuredmedia":[{"embeddable":true,"href":"https:\/\/www.minumagnet.ee\/ru\/wp-json\/wp\/v2\/media\/1684"}],"wp:attachment":[{"href":"https:\/\/www.minumagnet.ee\/ru\/wp-json\/wp\/v2\/media?parent=1540"}],"wp:term":[{"taxonomy":"product_brand","embeddable":true,"href":"https:\/\/www.minumagnet.ee\/ru\/wp-json\/wp\/v2\/product_brand?post=1540"},{"taxonomy":"product_cat","embeddable":true,"href":"https:\/\/www.minumagnet.ee\/ru\/wp-json\/wp\/v2\/product_cat?post=1540"},{"taxonomy":"product_tag","embeddable":true,"href":"https:\/\/www.minumagnet.ee\/ru\/wp-json\/wp\/v2\/product_tag?post=1540"}],"curies":[{"name":"wp","href":"https:\/\/api.w.org\/{rel}","templated":true}]}}