{"id":1539,"date":"2025-02-17T18:51:24","date_gmt":"2025-02-17T18:51:24","guid":{"rendered":"https:\/\/www.minumagnet.ee\/?post_type=product&#038;p=1539"},"modified":"2026-01-01T09:36:19","modified_gmt":"2026-01-01T07:36:19","slug":"tassike-armastust-igasse-paeva","status":"publish","type":"product","link":"https:\/\/www.minumagnet.ee\/ru\/product\/tassike-armastust-igasse-paeva\/","title":{"rendered":"&#8220;Tassike armastust igasse p\u00e4eva&#8221;"},"content":{"rendered":"<p data-start=\"220\" data-end=\"576\">Kas p\u00e4ev ilma kohvita on \u00fcldse p\u00e4ev? Ja mis veel parem \u2013 tassike soojust ja armastust igasse hommikusse! See <strong data-start=\"329\" data-end=\"362\">kofeiini ja kiindumuse magnet<\/strong> on ideaalne viis tuua naeratust ja positiivset energiat igasse p\u00e4eva. Armsad s\u00fcdamekujuliste detailidega kohvitassid ning \u00f5rn taust muudavad selle magneti ideaalseks nii kingituseks kui ka oma kodu kaunistuseks.<\/p>\n<h3 data-start=\"220\" data-end=\"576\"><\/h3>\n<p data-start=\"578\" data-end=\"775\"><strong data-start=\"581\" data-end=\"601\">Miks see magnet?<\/strong><br data-start=\"601\" data-end=\"604\" \/>\u2714 T\u00e4iuslik kingitus kohvis\u00f5brale, kallimale v\u00f5i s\u00f5brale<br data-start=\"659\" data-end=\"662\" \/>\u2714 Kvaliteetne tr\u00fckk ja tugev magnetmaterjal<br data-start=\"705\" data-end=\"708\" \/>\u2714 K\u00e4sitsi valmistatud \u2013 igasse detaili on pandud hool ja armastus<\/p>\n<h3 data-start=\"777\" data-end=\"837\"><\/h3>\n<p data-start=\"777\" data-end=\"837\" data-is-last-node=\"\">M\u00f5\u00f5dud: 6,35 cm x 6,35 cm \u2013 t\u00e4iuslik suurus, et lisada armsat emotsiooni igale k\u00fclmkapile v\u00f5i magnettahvlile!<\/p>","protected":false},"excerpt":{"rendered":"<p>\u2615 S\u00fcdamlik ja romantiline magnet, mis meenutab, et iga p\u00e4ev algab paremini v\u00e4ikese annuse armastusega. Ideaalne kingitus kallimale, s\u00f5brale v\u00f5i endale!<\/p>","protected":false},"featured_media":1689,"template":"","meta":{"site-sidebar-layout":"default","site-content-layout":"","ast-site-content-layout":"default","site-content-style":"default","site-sidebar-style":"default","ast-global-header-display":"","ast-banner-title-visibility":"","ast-main-header-display":"","ast-hfb-above-header-display":"","ast-hfb-below-header-display":"","ast-hfb-mobile-header-display":"","site-post-title":"","ast-breadcrumbs-content":"","ast-featured-img":"","footer-sml-layout":"","ast-disable-related-posts":"","theme-transparent-header-meta":"default","adv-header-id-meta":"","stick-header-meta":"","header-above-stick-meta":"","header-main-stick-meta":"","header-below-stick-meta":"","astra-migrate-meta-layouts":"set","ast-page-background-enabled":"default","ast-page-background-meta":{"desktop":{"background-color":"","background-image":"","background-repeat":"repeat","background-position":"center center","background-size":"auto","background-attachment":"scroll","background-type":"","background-media":"","overlay-type":"","overlay-color":"","overlay-opacity":"","overlay-gradient":""},"tablet":{"background-color":"","background-image":"","background-repeat":"repeat","background-position":"center center","background-size":"auto","background-attachment":"scroll","background-type":"","background-media":"","overlay-type":"","overlay-color":"","overlay-opacity":"","overlay-gradient":""},"mobile":{"background-color":"","background-image":"","background-repeat":"repeat","background-position":"center center","background-size":"auto","background-attachment":"scroll","background-type":"","background-media":"","overlay-type":"","overlay-color":"","overlay-opacity":"","overlay-gradient":""}},"ast-content-background-meta":{"desktop":{"background-color":"var(--ast-global-color-5)","background-image":"","background-repeat":"repeat","background-position":"center center","background-size":"auto","background-attachment":"scroll","background-type":"","background-media":"","overlay-type":"","overlay-color":"","overlay-opacity":"","overlay-gradient":""},"tablet":{"background-color":"var(--ast-global-color-5)","background-image":"","background-repeat":"repeat","background-position":"center center","background-size":"auto","background-attachment":"scroll","background-type":"","background-media":"","overlay-type":"","overlay-color":"","overlay-opacity":"","overlay-gradient":""},"mobile":{"background-color":"var(--ast-global-color-5)","background-image":"","background-repeat":"repeat","background-position":"center center","background-size":"auto","background-attachment":"scroll","background-type":"","background-media":"","overlay-type":"","overlay-color":"","overlay-opacity":"","overlay-gradient":""}}},"product_brand":[],"product_cat":[25],"product_tag":[],"class_list":{"0":"post-1539","1":"product","2":"type-product","3":"status-publish","4":"has-post-thumbnail","6":"product_cat-kallile-inimesele","7":"desktop-align-center","8":"tablet-align-left","9":"mobile-align-left","11":"first","12":"instock","13":"shipping-taxable","14":"purchasable","15":"product-type-simple"},"_links":{"self":[{"href":"https:\/\/www.minumagnet.ee\/ru\/wp-json\/wp\/v2\/product\/1539","targetHints":{"allow":["GET"]}}],"collection":[{"href":"https:\/\/www.minumagnet.ee\/ru\/wp-json\/wp\/v2\/product"}],"about":[{"href":"https:\/\/www.minumagnet.ee\/ru\/wp-json\/wp\/v2\/types\/product"}],"wp:featuredmedia":[{"embeddable":true,"href":"https:\/\/www.minumagnet.ee\/ru\/wp-json\/wp\/v2\/media\/1689"}],"wp:attachment":[{"href":"https:\/\/www.minumagnet.ee\/ru\/wp-json\/wp\/v2\/media?parent=1539"}],"wp:term":[{"taxonomy":"product_brand","embeddable":true,"href":"https:\/\/www.minumagnet.ee\/ru\/wp-json\/wp\/v2\/product_brand?post=1539"},{"taxonomy":"product_cat","embeddable":true,"href":"https:\/\/www.minumagnet.ee\/ru\/wp-json\/wp\/v2\/product_cat?post=1539"},{"taxonomy":"product_tag","embeddable":true,"href":"https:\/\/www.minumagnet.ee\/ru\/wp-json\/wp\/v2\/product_tag?post=1539"}],"curies":[{"name":"wp","href":"https:\/\/api.w.org\/{rel}","templated":true}]}}