{"id":1538,"date":"2025-02-17T18:49:35","date_gmt":"2025-02-17T18:49:35","guid":{"rendered":"https:\/\/www.minumagnet.ee\/?post_type=product&#038;p=1538"},"modified":"2026-01-01T09:36:26","modified_gmt":"2026-01-01T07:36:26","slug":"ilma-sinuta-olen-lihtsalt-kivi-2","status":"publish","type":"product","link":"https:\/\/www.minumagnet.ee\/ru\/product\/ilma-sinuta-olen-lihtsalt-kivi-2\/","title":{"rendered":"&#8220;Ilma sinuta olen lihtsalt kivi&#8221;"},"content":{"rendered":"<p data-start=\"255\" data-end=\"544\">Kas oled kunagi tundnud, et keegi on justkui sinu teine pool? See\u00a0<strong data-start=\"321\" data-end=\"340\">avokaadode magnet<\/strong>\u00a0on t\u00e4iuslik viis v\u00e4ljendada oma kiindumust ja n\u00e4idata kellelegi, kui oluline ta sulle on! Armsad naeratavad avokaadod ja s\u00fcdamlik s\u00f5num loovad sooja ja r\u00f5\u00f5msa meeleolu igal k\u00fclmkapil v\u00f5i magnettahvlil.<\/p>\n<h3 data-start=\"255\" data-end=\"544\"><\/h3>\n<p><strong data-start=\"549\" data-end=\"569\">Miks see magnet?<\/strong><br data-start=\"569\" data-end=\"572\" \/>\u2714 Ideaalne kingitus s\u00f5brap\u00e4evaks, pulma-aastap\u00e4evaks v\u00f5i lihtsalt armsaks \u00fcllatuseks<br data-start=\"656\" data-end=\"659\" \/>\u2714 Kvaliteetne tr\u00fckk ja vastupidav magnetmaterjal<br data-start=\"707\" data-end=\"710\" \/>\u2714 K\u00e4sit\u00f6\u00f6na valminud \u2013 igasse detaili on pandud hool ja armastus<\/p>\n<h3 data-start=\"778\" data-end=\"859\"><\/h3>\n<p>M\u00f5\u00f5dud: 6,35 cm x 6,35 cm \u2013 t\u00e4iuslik suurus, et lisada armsat emotsiooni igale k\u00fclmkapile v\u00f5i magnettahvlile!<\/p>","protected":false},"excerpt":{"rendered":"<p>Armas ja humoorikas magnet, mis toob naeratuse n\u00e4ole! Ideaalne kingitus kallimale, s\u00f5brale v\u00f5i pereliikmele, et meenutada, kui t\u00e4htis ta sulle on.<\/p>","protected":false},"featured_media":1686,"template":"","meta":{"site-sidebar-layout":"default","site-content-layout":"","ast-site-content-layout":"default","site-content-style":"default","site-sidebar-style":"default","ast-global-header-display":"","ast-banner-title-visibility":"","ast-main-header-display":"","ast-hfb-above-header-display":"","ast-hfb-below-header-display":"","ast-hfb-mobile-header-display":"","site-post-title":"","ast-breadcrumbs-content":"","ast-featured-img":"","footer-sml-layout":"","ast-disable-related-posts":"","theme-transparent-header-meta":"default","adv-header-id-meta":"","stick-header-meta":"","header-above-stick-meta":"","header-main-stick-meta":"","header-below-stick-meta":"","astra-migrate-meta-layouts":"set","ast-page-background-enabled":"default","ast-page-background-meta":{"desktop":{"background-color":"","background-image":"","background-repeat":"repeat","background-position":"center center","background-size":"auto","background-attachment":"scroll","background-type":"","background-media":"","overlay-type":"","overlay-color":"","overlay-opacity":"","overlay-gradient":""},"tablet":{"background-color":"","background-image":"","background-repeat":"repeat","background-position":"center center","background-size":"auto","background-attachment":"scroll","background-type":"","background-media":"","overlay-type":"","overlay-color":"","overlay-opacity":"","overlay-gradient":""},"mobile":{"background-color":"","background-image":"","background-repeat":"repeat","background-position":"center center","background-size":"auto","background-attachment":"scroll","background-type":"","background-media":"","overlay-type":"","overlay-color":"","overlay-opacity":"","overlay-gradient":""}},"ast-content-background-meta":{"desktop":{"background-color":"var(--ast-global-color-5)","background-image":"","background-repeat":"repeat","background-position":"center center","background-size":"auto","background-attachment":"scroll","background-type":"","background-media":"","overlay-type":"","overlay-color":"","overlay-opacity":"","overlay-gradient":""},"tablet":{"background-color":"var(--ast-global-color-5)","background-image":"","background-repeat":"repeat","background-position":"center center","background-size":"auto","background-attachment":"scroll","background-type":"","background-media":"","overlay-type":"","overlay-color":"","overlay-opacity":"","overlay-gradient":""},"mobile":{"background-color":"var(--ast-global-color-5)","background-image":"","background-repeat":"repeat","background-position":"center center","background-size":"auto","background-attachment":"scroll","background-type":"","background-media":"","overlay-type":"","overlay-color":"","overlay-opacity":"","overlay-gradient":""}}},"product_brand":[],"product_cat":[24],"product_tag":[],"class_list":{"0":"post-1538","1":"product","2":"type-product","3":"status-publish","4":"has-post-thumbnail","6":"product_cat-humoorikad","7":"desktop-align-center","8":"tablet-align-left","9":"mobile-align-left","11":"first","12":"instock","13":"shipping-taxable","14":"purchasable","15":"product-type-simple"},"_links":{"self":[{"href":"https:\/\/www.minumagnet.ee\/ru\/wp-json\/wp\/v2\/product\/1538","targetHints":{"allow":["GET"]}}],"collection":[{"href":"https:\/\/www.minumagnet.ee\/ru\/wp-json\/wp\/v2\/product"}],"about":[{"href":"https:\/\/www.minumagnet.ee\/ru\/wp-json\/wp\/v2\/types\/product"}],"wp:featuredmedia":[{"embeddable":true,"href":"https:\/\/www.minumagnet.ee\/ru\/wp-json\/wp\/v2\/media\/1686"}],"wp:attachment":[{"href":"https:\/\/www.minumagnet.ee\/ru\/wp-json\/wp\/v2\/media?parent=1538"}],"wp:term":[{"taxonomy":"product_brand","embeddable":true,"href":"https:\/\/www.minumagnet.ee\/ru\/wp-json\/wp\/v2\/product_brand?post=1538"},{"taxonomy":"product_cat","embeddable":true,"href":"https:\/\/www.minumagnet.ee\/ru\/wp-json\/wp\/v2\/product_cat?post=1538"},{"taxonomy":"product_tag","embeddable":true,"href":"https:\/\/www.minumagnet.ee\/ru\/wp-json\/wp\/v2\/product_tag?post=1538"}],"curies":[{"name":"wp","href":"https:\/\/api.w.org\/{rel}","templated":true}]}}