{"id":1536,"date":"2025-02-17T18:41:40","date_gmt":"2025-02-17T18:41:40","guid":{"rendered":"https:\/\/www.minumagnet.ee\/?post_type=product&#038;p=1536"},"modified":"2026-01-01T09:36:33","modified_gmt":"2026-01-01T07:36:33","slug":"koige-parem-koht-on-sinu-korval","status":"publish","type":"product","link":"https:\/\/www.minumagnet.ee\/ru\/product\/koige-parem-koht-on-sinu-korval\/","title":{"rendered":"&#8220;K\u00f5ige parem koht on sinu k\u00f5rval&#8221;"},"content":{"rendered":"<p data-start=\"213\" data-end=\"482\">Tunne, kui oled kellegi k\u00f5rval ja maailm tundub t\u00e4iuslik\u2026 Just seda soojust ja turvatunnet s\u00fcmboliseerib see <strong data-start=\"322\" data-end=\"342\">armastuse magnet<\/strong>! \u00d5rn akvarellistiilis kujundus ja romantiline s\u00f5num sobivad ideaalselt kingituseks kallimale, et v\u00e4ljendada, kui palju ta sulle t\u00e4hendab.<\/p>\n<h3 data-start=\"213\" data-end=\"482\"><\/h3>\n<p data-start=\"484\" data-end=\"693\"><strong data-start=\"487\" data-end=\"507\">Miks see magnet?<\/strong><br data-start=\"507\" data-end=\"510\" \/>\u2714 T\u00e4iuslik kingitus kallimale, abikaasale v\u00f5i parimale s\u00f5brale<br data-start=\"572\" data-end=\"575\" \/>\u2714 Kvaliteetne tr\u00fckk ja vastupidav magnetmaterjal<br data-start=\"623\" data-end=\"626\" \/>\u2714 K\u00e4sitsi valmistatud \u2013 igasse detaili on pandud hool ja armastus<\/p>\n<h3 data-start=\"695\" data-end=\"807\"><\/h3>\n<p data-start=\"695\" data-end=\"807\" data-is-last-node=\"\">M\u00f5\u00f5dud: 6,35 cm x 6,35 cm \u2013 t\u00e4iuslik suurus, et lisada armsat emotsiooni igale k\u00fclmkapile v\u00f5i magnettahvlile!<\/p>","protected":false},"excerpt":{"rendered":"<p>\ud83d\udc95 Romantiline ja s\u00fcdamlik magnet, mis tuletab meelde, et t\u00f5eline \u00f5nn on koos veedetud hetked. Ideaalne kingitus kallimale v\u00f5i parimale s\u00f5brale!<\/p>","protected":false},"featured_media":1691,"template":"","meta":{"site-sidebar-layout":"default","site-content-layout":"","ast-site-content-layout":"default","site-content-style":"default","site-sidebar-style":"default","ast-global-header-display":"","ast-banner-title-visibility":"","ast-main-header-display":"","ast-hfb-above-header-display":"","ast-hfb-below-header-display":"","ast-hfb-mobile-header-display":"","site-post-title":"","ast-breadcrumbs-content":"","ast-featured-img":"","footer-sml-layout":"","ast-disable-related-posts":"","theme-transparent-header-meta":"default","adv-header-id-meta":"","stick-header-meta":"","header-above-stick-meta":"","header-main-stick-meta":"","header-below-stick-meta":"","astra-migrate-meta-layouts":"set","ast-page-background-enabled":"default","ast-page-background-meta":{"desktop":{"background-color":"","background-image":"","background-repeat":"repeat","background-position":"center center","background-size":"auto","background-attachment":"scroll","background-type":"","background-media":"","overlay-type":"","overlay-color":"","overlay-opacity":"","overlay-gradient":""},"tablet":{"background-color":"","background-image":"","background-repeat":"repeat","background-position":"center center","background-size":"auto","background-attachment":"scroll","background-type":"","background-media":"","overlay-type":"","overlay-color":"","overlay-opacity":"","overlay-gradient":""},"mobile":{"background-color":"","background-image":"","background-repeat":"repeat","background-position":"center center","background-size":"auto","background-attachment":"scroll","background-type":"","background-media":"","overlay-type":"","overlay-color":"","overlay-opacity":"","overlay-gradient":""}},"ast-content-background-meta":{"desktop":{"background-color":"var(--ast-global-color-5)","background-image":"","background-repeat":"repeat","background-position":"center center","background-size":"auto","background-attachment":"scroll","background-type":"","background-media":"","overlay-type":"","overlay-color":"","overlay-opacity":"","overlay-gradient":""},"tablet":{"background-color":"var(--ast-global-color-5)","background-image":"","background-repeat":"repeat","background-position":"center center","background-size":"auto","background-attachment":"scroll","background-type":"","background-media":"","overlay-type":"","overlay-color":"","overlay-opacity":"","overlay-gradient":""},"mobile":{"background-color":"var(--ast-global-color-5)","background-image":"","background-repeat":"repeat","background-position":"center center","background-size":"auto","background-attachment":"scroll","background-type":"","background-media":"","overlay-type":"","overlay-color":"","overlay-opacity":"","overlay-gradient":""}}},"product_brand":[],"product_cat":[25],"product_tag":[],"class_list":{"0":"post-1536","1":"product","2":"type-product","3":"status-publish","4":"has-post-thumbnail","6":"product_cat-kallile-inimesele","7":"desktop-align-center","8":"tablet-align-left","9":"mobile-align-left","11":"first","12":"instock","13":"shipping-taxable","14":"purchasable","15":"product-type-simple"},"_links":{"self":[{"href":"https:\/\/www.minumagnet.ee\/ru\/wp-json\/wp\/v2\/product\/1536","targetHints":{"allow":["GET"]}}],"collection":[{"href":"https:\/\/www.minumagnet.ee\/ru\/wp-json\/wp\/v2\/product"}],"about":[{"href":"https:\/\/www.minumagnet.ee\/ru\/wp-json\/wp\/v2\/types\/product"}],"wp:featuredmedia":[{"embeddable":true,"href":"https:\/\/www.minumagnet.ee\/ru\/wp-json\/wp\/v2\/media\/1691"}],"wp:attachment":[{"href":"https:\/\/www.minumagnet.ee\/ru\/wp-json\/wp\/v2\/media?parent=1536"}],"wp:term":[{"taxonomy":"product_brand","embeddable":true,"href":"https:\/\/www.minumagnet.ee\/ru\/wp-json\/wp\/v2\/product_brand?post=1536"},{"taxonomy":"product_cat","embeddable":true,"href":"https:\/\/www.minumagnet.ee\/ru\/wp-json\/wp\/v2\/product_cat?post=1536"},{"taxonomy":"product_tag","embeddable":true,"href":"https:\/\/www.minumagnet.ee\/ru\/wp-json\/wp\/v2\/product_tag?post=1536"}],"curies":[{"name":"wp","href":"https:\/\/api.w.org\/{rel}","templated":true}]}}