{"id":1319,"date":"2024-11-24T10:00:52","date_gmt":"2024-11-24T10:00:52","guid":{"rendered":"https:\/\/www.minumagnet.ee\/?post_type=product&#038;p=1319"},"modified":"2026-01-01T09:36:46","modified_gmt":"2026-01-01T07:36:46","slug":"sina-mina-personaalse-fotoga","status":"publish","type":"product","link":"https:\/\/www.minumagnet.ee\/ru\/product\/sina-mina-personaalse-fotoga\/","title":{"rendered":"&#8220;Sina &#038; mina&#8221; personaalse fotoga"},"content":{"rendered":"<p>M\u00f5ned hetked on liiga erilised, et neid lihtsalt telefoni salvestada. &#8220;Sina &amp; mina&#8221; magnet v\u00f5imaldab armsa foto abil j\u00e4\u00e4dvustada teie kahe vahelist sidet. Lihtne ja ehe viis kinkida midagi, mis r\u00e4\u00e4gib teie loost.<\/p>\n<h3><\/h3>\n<p data-start=\"684\" data-end=\"707\"><strong>Miks see magnet?<\/strong><\/p>\n<p class=\"\" data-start=\"709\" data-end=\"896\">\u2714 Personaalse foto ja s\u00f5numiga kingitus, mis k\u00f5netab s\u00fcdant<br data-start=\"772\" data-end=\"775\" \/>\u2714 Kvaliteetne tr\u00fckk ja tugev magnetmaterjal<br data-start=\"822\" data-end=\"825\" \/>\u2714 K\u00e4sitsi valmistatud \u2013 igasse detaili on pandud hool ja armastus<\/p>\n<h3 data-start=\"709\" data-end=\"896\"><\/h3>\n<p data-start=\"709\" data-end=\"896\">M\u00f5\u00f5dud: 6,35 cm \u00d7 6,35 cm \u2013 t\u00e4iuslik suurus, et lisada armsat emotsiooni igale k\u00fclmkapile v\u00f5i magnettahvlile!<\/p>","protected":false},"excerpt":{"rendered":"<p>M\u00f5ned hetked on liiga erilised, et neid lihtsalt telefoni salvestada. &#8220;Sina &amp; mina&#8221; magnet v\u00f5imaldab armsa foto abil j\u00e4\u00e4dvustada teie kahe vahelist sidet. Lihtne ja ehe viis kinkida midagi, mis r\u00e4\u00e4gib teie loost. Miks see magnet? \u2714 Personaalse foto ja s\u00f5numiga kingitus, mis k\u00f5netab s\u00fcdant\u2714 Kvaliteetne tr\u00fckk ja tugev magnetmaterjal\u2714 K\u00e4sitsi valmistatud \u2013 igasse detaili [&hellip;]<\/p>\n","protected":false},"featured_media":1694,"template":"","meta":{"site-sidebar-layout":"left-sidebar","site-content-layout":"","ast-site-content-layout":"normal-width-container","site-content-style":"boxed","site-sidebar-style":"default","ast-global-header-display":"","ast-banner-title-visibility":"","ast-main-header-display":"","ast-hfb-above-header-display":"","ast-hfb-below-header-display":"","ast-hfb-mobile-header-display":"","site-post-title":"","ast-breadcrumbs-content":"","ast-featured-img":"","footer-sml-layout":"","ast-disable-related-posts":"","theme-transparent-header-meta":"default","adv-header-id-meta":"","stick-header-meta":"","header-above-stick-meta":"","header-main-stick-meta":"","header-below-stick-meta":"","astra-migrate-meta-layouts":"set","ast-page-background-enabled":"default","ast-page-background-meta":{"desktop":{"background-color":"","background-image":"","background-repeat":"repeat","background-position":"center center","background-size":"auto","background-attachment":"scroll","background-type":"","background-media":"","overlay-type":"","overlay-color":"","overlay-opacity":"","overlay-gradient":""},"tablet":{"background-color":"","background-image":"","background-repeat":"repeat","background-position":"center center","background-size":"auto","background-attachment":"scroll","background-type":"","background-media":"","overlay-type":"","overlay-color":"","overlay-opacity":"","overlay-gradient":""},"mobile":{"background-color":"","background-image":"","background-repeat":"repeat","background-position":"center center","background-size":"auto","background-attachment":"scroll","background-type":"","background-media":"","overlay-type":"","overlay-color":"","overlay-opacity":"","overlay-gradient":""}},"ast-content-background-meta":{"desktop":{"background-color":"var(--ast-global-color-5)","background-image":"","background-repeat":"repeat","background-position":"center center","background-size":"auto","background-attachment":"scroll","background-type":"","background-media":"","overlay-type":"","overlay-color":"","overlay-opacity":"","overlay-gradient":""},"tablet":{"background-color":"var(--ast-global-color-5)","background-image":"","background-repeat":"repeat","background-position":"center center","background-size":"auto","background-attachment":"scroll","background-type":"","background-media":"","overlay-type":"","overlay-color":"","overlay-opacity":"","overlay-gradient":""},"mobile":{"background-color":"var(--ast-global-color-5)","background-image":"","background-repeat":"repeat","background-position":"center center","background-size":"auto","background-attachment":"scroll","background-type":"","background-media":"","overlay-type":"","overlay-color":"","overlay-opacity":"","overlay-gradient":""}}},"product_brand":[],"product_cat":[26],"product_tag":[],"class_list":{"0":"post-1319","1":"product","2":"type-product","3":"status-publish","4":"has-post-thumbnail","6":"product_cat-personaalse-fotoga","7":"desktop-align-center","8":"tablet-align-left","9":"mobile-align-left","11":"first","12":"instock","13":"shipping-taxable","14":"purchasable","15":"product-type-simple"},"_links":{"self":[{"href":"https:\/\/www.minumagnet.ee\/ru\/wp-json\/wp\/v2\/product\/1319","targetHints":{"allow":["GET"]}}],"collection":[{"href":"https:\/\/www.minumagnet.ee\/ru\/wp-json\/wp\/v2\/product"}],"about":[{"href":"https:\/\/www.minumagnet.ee\/ru\/wp-json\/wp\/v2\/types\/product"}],"wp:featuredmedia":[{"embeddable":true,"href":"https:\/\/www.minumagnet.ee\/ru\/wp-json\/wp\/v2\/media\/1694"}],"wp:attachment":[{"href":"https:\/\/www.minumagnet.ee\/ru\/wp-json\/wp\/v2\/media?parent=1319"}],"wp:term":[{"taxonomy":"product_brand","embeddable":true,"href":"https:\/\/www.minumagnet.ee\/ru\/wp-json\/wp\/v2\/product_brand?post=1319"},{"taxonomy":"product_cat","embeddable":true,"href":"https:\/\/www.minumagnet.ee\/ru\/wp-json\/wp\/v2\/product_cat?post=1319"},{"taxonomy":"product_tag","embeddable":true,"href":"https:\/\/www.minumagnet.ee\/ru\/wp-json\/wp\/v2\/product_tag?post=1319"}],"curies":[{"name":"wp","href":"https:\/\/api.w.org\/{rel}","templated":true}]}}