{"id":16,"date":"2024-10-26T09:32:28","date_gmt":"2024-10-26T09:32:28","guid":{"rendered":"https:\/\/www.minumagnet.ee\/about-us\/"},"modified":"2025-05-01T12:19:17","modified_gmt":"2025-05-01T12:19:17","slug":"ettevottest","status":"publish","type":"page","link":"https:\/\/www.minumagnet.ee\/ru\/ettevottest\/","title":{"rendered":"\u0418\u0441\u0442\u043e\u0440\u0438\u044f M\u00e4gnet"},"content":{"rendered":"<div data-elementor-type=\"wp-post\" data-elementor-id=\"16\" class=\"elementor elementor-16\">\n\t\t\t\t<div class=\"elementor-element elementor-element-cddf600 e-flex e-con-boxed e-con e-parent\" data-id=\"cddf600\" data-element_type=\"container\" data-e-type=\"container\" data-settings=\"{&quot;shape_divider_bottom&quot;:&quot;triangle-asymmetrical&quot;,&quot;shape_divider_bottom_negative&quot;:&quot;yes&quot;}\">\n\t\t\t\t\t<div class=\"e-con-inner\">\n\t\t\t\t<div class=\"elementor-shape elementor-shape-bottom\" aria-hidden=\"true\" data-negative=\"true\">\n\t\t\t<svg xmlns=\"http:\/\/www.w3.org\/2000\/svg\" viewbox=\"0 0 1000 100\" preserveaspectratio=\"none\">\n\t<path class=\"elementor-shape-fill\" d=\"M737.9,94.7L0,0v100h1000V0L737.9,94.7z\"\/>\n<\/svg>\t\t<\/div>\n\t\t\t\t\t<\/div>\n\t\t\t\t<\/div>\n\t\t<div class=\"elementor-element elementor-element-4986295 e-flex e-con-boxed e-con e-parent\" data-id=\"4986295\" data-element_type=\"container\" data-e-type=\"container\" data-settings=\"{&quot;shape_divider_top&quot;:&quot;triangle-asymmetrical&quot;,&quot;shape_divider_top_negative&quot;:&quot;yes&quot;}\">\n\t\t\t\t\t<div class=\"e-con-inner\">\n\t\t\t\t<div class=\"elementor-shape elementor-shape-top\" aria-hidden=\"true\" data-negative=\"true\">\n\t\t\t<svg xmlns=\"http:\/\/www.w3.org\/2000\/svg\" viewbox=\"0 0 1000 100\" preserveaspectratio=\"none\">\n\t<path class=\"elementor-shape-fill\" d=\"M737.9,94.7L0,0v100h1000V0L737.9,94.7z\"\/>\n<\/svg>\t\t<\/div>\n\t\t<div class=\"elementor-element elementor-element-09b8947 e-con-full e-flex e-con e-child\" data-id=\"09b8947\" data-element_type=\"container\" data-e-type=\"container\">\n\t\t\t\t<div class=\"elementor-element elementor-element-2a73acd elementor-widget elementor-widget-heading\" data-id=\"2a73acd\" data-element_type=\"widget\" data-e-type=\"widget\" data-widget_type=\"heading.default\">\n\t\t\t\t<div class=\"elementor-widget-container\">\n\t\t\t\t\t<h1 class=\"elementor-heading-title elementor-size-default\">\u0418\u0441\u0442\u043e\u0440\u0438\u044f M\u00e4gnet<\/h1>\t\t\t\t<\/div>\n\t\t\t\t<\/div>\n\t\t\t\t<div class=\"elementor-element elementor-element-f9c43b4 elementor-widget elementor-widget-image-box\" data-id=\"f9c43b4\" data-element_type=\"widget\" data-e-type=\"widget\" data-widget_type=\"image-box.default\">\n\t\t\t\t<div class=\"elementor-widget-container\">\n\t\t\t\t\t<div class=\"elementor-image-box-wrapper\"><div class=\"elementor-image-box-content\"><h3 class=\"elementor-image-box-title\">M\u00e4gnet \u2014 \u043f\u0435\u0440\u0441\u043e\u043d\u0430\u043b\u044c\u043d\u044b\u0435 \u043f\u043e\u0434\u0430\u0440\u043a\u0438 \u0440\u0443\u0447\u043d\u043e\u0439 \u0440\u0430\u0431\u043e\u0442\u044b<\/h3><\/div><\/div>\t\t\t\t<\/div>\n\t\t\t\t<\/div>\n\t\t\t\t<div class=\"elementor-element elementor-element-3b5b0c9 elementor-widget elementor-widget-text-editor\" data-id=\"3b5b0c9\" data-element_type=\"widget\" data-e-type=\"widget\" data-widget_type=\"text-editor.default\">\n\t\t\t\t<div class=\"elementor-widget-container\">\n\t\t\t\t\t\t\t\t\t<p>M\u00e4gnet \u0440\u043e\u0434\u0438\u043b\u0441\u044f \u0438\u0437 \u0436\u0435\u043b\u0430\u043d\u0438\u044f \u0441\u043e\u0445\u0440\u0430\u043d\u044f\u0442\u044c \u043e\u0441\u043e\u0431\u0435\u043d\u043d\u044b\u0435 \u043c\u043e\u043c\u0435\u043d\u0442\u044b \u0432 \u043e\u0441\u044f\u0437\u0430\u0435\u043c\u043e\u0439 \u0438 \u043f\u043e-\u043d\u0430\u0441\u0442\u043e\u044f\u0449\u0435\u043c\u0443 \u0437\u043d\u0430\u0447\u0438\u043c\u043e\u0439 \u0444\u043e\u0440\u043c\u0435. \u0412 \u0441\u043e\u0432\u0440\u0435\u043c\u0435\u043d\u043d\u043e\u043c \u0446\u0438\u0444\u0440\u043e\u0432\u043e\u043c \u043c\u0438\u0440\u0435 \u043c\u044b \u0445\u0440\u0430\u043d\u0438\u043c \u0431\u0435\u0441\u0447\u0438\u0441\u043b\u0435\u043d\u043d\u043e\u0435 \u043a\u043e\u043b\u0438\u0447\u0435\u0441\u0442\u0432\u043e \u0444\u043e\u0442\u043e\u0433\u0440\u0430\u0444\u0438\u0439, \u043d\u043e \u043c\u043d\u043e\u0433\u0438\u0435 \u0438\u0437 \u043d\u0438\u0445 \u0442\u0430\u043a \u0438 \u043e\u0441\u0442\u0430\u044e\u0442\u0441\u044f \u043b\u0438\u0448\u044c \u043d\u0430 \u044d\u043a\u0440\u0430\u043d\u0430\u0445. \u041d\u0430\u0448\u0430 \u0446\u0435\u043b\u044c \u2014 \u043f\u043e\u0434\u0430\u0440\u0438\u0442\u044c \u044d\u0442\u0438\u043c \u0434\u043e\u0440\u043e\u0433\u0438\u043c \u0432\u043e\u0441\u043f\u043e\u043c\u0438\u043d\u0430\u043d\u0438\u044f\u043c \u043d\u043e\u0432\u0443\u044e \u0436\u0438\u0437\u043d\u044c. \u0425\u043e\u0442\u0438\u0442\u0435 \u043f\u0440\u0435\u0432\u0440\u0430\u0442\u0438\u0442\u044c \u0441\u0432\u043e\u0438 \u0444\u043e\u0442\u043e \u0432 \u043c\u0430\u0433\u043d\u0438\u0442\u044b, \u043f\u043e\u0434\u0435\u043b\u0438\u0442\u044c\u0441\u044f \u0432\u0434\u043e\u0445\u043d\u043e\u0432\u043b\u044f\u044e\u0449\u0438\u043c \u043f\u043e\u0441\u043b\u0430\u043d\u0438\u0435\u043c \u0438\u043b\u0438 \u043f\u043e\u0434\u0430\u0440\u0438\u0442\u044c \u0447\u0442\u043e-\u0442\u043e \u043e\u0441\u043e\u0431\u0435\u043d\u043d\u043e\u0435? \u0412 \u043d\u0430\u0448\u0435\u043c \u0430\u0441\u0441\u043e\u0440\u0442\u0438\u043c\u0435\u043d\u0442\u0435 \u0432\u044b \u043e\u0431\u044f\u0437\u0430\u0442\u0435\u043b\u044c\u043d\u043e \u043d\u0430\u0439\u0434\u0451\u0442\u0435 \u043f\u043e\u0434\u0445\u043e\u0434\u044f\u0449\u0438\u0439 \u0432\u0430\u0440\u0438\u0430\u043d\u0442.<\/p>\t\t\t\t\t\t\t\t<\/div>\n\t\t\t\t<\/div>\n\t\t\t\t<div class=\"elementor-element elementor-element-b4f0255 elementor-align-left elementor-tablet-align-center elementor-mobile-align-center elementor-widget elementor-widget-button\" data-id=\"b4f0255\" data-element_type=\"widget\" data-e-type=\"widget\" data-widget_type=\"button.default\">\n\t\t\t\t<div class=\"elementor-widget-container\">\n\t\t\t\t\t\t\t\t\t<div class=\"elementor-button-wrapper\">\n\t\t\t\t\t<a class=\"elementor-button elementor-button-link elementor-size-sm\" href=\"https:\/\/www.minumagnet.ee\/ru\/e-pood\/\">\n\t\t\t\t\t\t<span class=\"elementor-button-content-wrapper\">\n\t\t\t\t\t\t<span class=\"elementor-button-icon\">\n\t\t\t\t<svg aria-hidden=\"true\" class=\"e-font-icon-svg e-fas-caret-right\" viewbox=\"0 0 192 512\" xmlns=\"http:\/\/www.w3.org\/2000\/svg\"><path d=\"M0 384.662V127.338c0-17.818 21.543-26.741 34.142-14.142l128.662 128.662c7.81 7.81 7.81 20.474 0 28.284L34.142 398.804C21.543 411.404 0 402.48 0 384.662z\"><\/path><\/svg>\t\t\t<\/span>\n\t\t\t\t\t\t\t\t\t<span class=\"elementor-button-text\">\u041f\u043e\u0441\u043c\u043e\u0442\u0440\u0435\u0442\u044c \u0433\u043e\u0442\u043e\u0432\u044b\u0435 \u0434\u0438\u0437\u0430\u0439\u043d\u044b<\/span>\n\t\t\t\t\t<\/span>\n\t\t\t\t\t<\/a>\n\t\t\t\t<\/div>\n\t\t\t\t\t\t\t\t<\/div>\n\t\t\t\t<\/div>\n\t\t\t\t<\/div>\n\t\t<div class=\"elementor-element elementor-element-0eae88e e-con-full e-flex e-con e-child\" data-id=\"0eae88e\" data-element_type=\"container\" data-e-type=\"container\">\n\t\t\t\t<div class=\"elementor-element elementor-element-c90df2b elementor-widget elementor-widget-spacer\" data-id=\"c90df2b\" data-element_type=\"widget\" data-e-type=\"widget\" data-widget_type=\"spacer.default\">\n\t\t\t\t<div class=\"elementor-widget-container\">\n\t\t\t\t\t\t\t<div class=\"elementor-spacer\">\n\t\t\t<div class=\"elementor-spacer-inner\"><\/div>\n\t\t<\/div>\n\t\t\t\t\t\t<\/div>\n\t\t\t\t<\/div>\n\t\t\t\t<div class=\"elementor-element elementor-element-573f0ce elementor-widget elementor-widget-image\" data-id=\"573f0ce\" data-element_type=\"widget\" data-e-type=\"widget\" data-widget_type=\"image.default\">\n\t\t\t\t<div class=\"elementor-widget-container\">\n\t\t\t\t\t\t\t\t\t\t\t\t\t\t\t<img fetchpriority=\"high\" decoding=\"async\" width=\"768\" height=\"551\" src=\"https:\/\/www.minumagnet.ee\/wp-content\/uploads\/2025\/02\/Kati-Pajumagi-4-e1739799616912-768x551.png\" class=\"attachment-medium_large size-medium_large wp-image-1505\" alt=\"Isikup\u00e4rased kingitused \u2013 s\u00fcdantsoojendavad fotomagnetid t\u00e4htp\u00e4evaks v\u00f5i valentinip\u00e4evaks\" srcset=\"https:\/\/www.minumagnet.ee\/wp-content\/uploads\/2025\/02\/Kati-Pajumagi-4-e1739799616912-768x551.png 768w, https:\/\/www.minumagnet.ee\/wp-content\/uploads\/2025\/02\/Kati-Pajumagi-4-e1739799616912-300x215.png 300w, https:\/\/www.minumagnet.ee\/wp-content\/uploads\/2025\/02\/Kati-Pajumagi-4-e1739799616912-1024x734.png 1024w, https:\/\/www.minumagnet.ee\/wp-content\/uploads\/2025\/02\/Kati-Pajumagi-4-e1739799616912-1536x1101.png 1536w, https:\/\/www.minumagnet.ee\/wp-content\/uploads\/2025\/02\/Kati-Pajumagi-4-e1739799616912-2048x1468.png 2048w, https:\/\/www.minumagnet.ee\/wp-content\/uploads\/2025\/02\/Kati-Pajumagi-4-e1739799616912-600x430.png 600w\" sizes=\"(max-width: 768px) 100vw, 768px\" \/>\t\t\t\t\t\t\t\t\t\t\t\t\t\t\t<\/div>\n\t\t\t\t<\/div>\n\t\t\t\t<\/div>\n\t\t\t\t\t<\/div>\n\t\t\t\t<\/div>\n\t\t<div class=\"elementor-element elementor-element-5fc483d0 e-flex e-con-boxed e-con e-parent\" data-id=\"5fc483d0\" data-element_type=\"container\" data-e-type=\"container\" data-settings=\"{&quot;background_background&quot;:&quot;classic&quot;,&quot;shape_divider_bottom&quot;:&quot;triangle-asymmetrical&quot;,&quot;shape_divider_bottom_negative&quot;:&quot;yes&quot;}\">\n\t\t\t\t\t<div class=\"e-con-inner\">\n\t\t\t\t<div class=\"elementor-shape elementor-shape-bottom\" aria-hidden=\"true\" data-negative=\"true\">\n\t\t\t<svg xmlns=\"http:\/\/www.w3.org\/2000\/svg\" viewbox=\"0 0 1000 100\" preserveaspectratio=\"none\">\n\t<path class=\"elementor-shape-fill\" d=\"M737.9,94.7L0,0v100h1000V0L737.9,94.7z\"\/>\n<\/svg>\t\t<\/div>\n\t\t<div class=\"elementor-element elementor-element-4d530e00 e-con-full e-flex e-con e-child\" data-id=\"4d530e00\" data-element_type=\"container\" data-e-type=\"container\">\n\t\t<div class=\"elementor-element elementor-element-5e3b90af e-con-full e-flex e-con e-child\" data-id=\"5e3b90af\" data-element_type=\"container\" data-e-type=\"container\">\n\t\t<div class=\"elementor-element elementor-element-60063105 e-con-full e-flex e-con e-child\" data-id=\"60063105\" data-element_type=\"container\" data-e-type=\"container\">\n\t\t\t\t<div class=\"elementor-element elementor-element-507fa9f5 elementor-widget elementor-widget-image\" data-id=\"507fa9f5\" data-element_type=\"widget\" data-e-type=\"widget\" data-widget_type=\"image.default\">\n\t\t\t\t<div class=\"elementor-widget-container\">\n\t\t\t\t\t\t\t\t\t\t\t\t\t\t\t<img decoding=\"async\" width=\"1024\" height=\"759\" src=\"https:\/\/www.minumagnet.ee\/wp-content\/uploads\/2025\/02\/Kati-Pajumagi-2-e1739792818804-1024x759.png\" class=\"attachment-large size-large wp-image-1503\" alt=\"Fotoga kingitus \u2013 armsad disainmagnetid t\u00e4hendusrikaste s\u00f5numitega\" srcset=\"https:\/\/www.minumagnet.ee\/wp-content\/uploads\/2025\/02\/Kati-Pajumagi-2-e1739792818804-1024x759.png 1024w, https:\/\/www.minumagnet.ee\/wp-content\/uploads\/2025\/02\/Kati-Pajumagi-2-e1739792818804-300x222.png 300w, https:\/\/www.minumagnet.ee\/wp-content\/uploads\/2025\/02\/Kati-Pajumagi-2-e1739792818804-768x570.png 768w, https:\/\/www.minumagnet.ee\/wp-content\/uploads\/2025\/02\/Kati-Pajumagi-2-e1739792818804-1536x1139.png 1536w, https:\/\/www.minumagnet.ee\/wp-content\/uploads\/2025\/02\/Kati-Pajumagi-2-e1739792818804-2048x1519.png 2048w, https:\/\/www.minumagnet.ee\/wp-content\/uploads\/2025\/02\/Kati-Pajumagi-2-e1739792818804-600x445.png 600w\" sizes=\"(max-width: 1024px) 100vw, 1024px\" \/>\t\t\t\t\t\t\t\t\t\t\t\t\t\t\t<\/div>\n\t\t\t\t<\/div>\n\t\t\t\t<\/div>\n\t\t<div class=\"elementor-element elementor-element-50d6ff91 e-con-full e-flex e-con e-child\" data-id=\"50d6ff91\" data-element_type=\"container\" data-e-type=\"container\">\n\t\t\t\t<div class=\"elementor-element elementor-element-2ac75195 elementor-widget elementor-widget-text-editor\" data-id=\"2ac75195\" data-element_type=\"widget\" data-e-type=\"widget\" data-widget_type=\"text-editor.default\">\n\t\t\t\t<div class=\"elementor-widget-container\">\n\t\t\t\t\t\t\t\t\t<p>\u0412\u0438\u0434\u0435\u043d\u0438\u0435 M\u00e4gnet \u2014 \u0441\u043e\u0437\u0434\u0430\u0432\u0430\u0442\u044c \u043f\u0435\u0440\u0441\u043e\u043d\u0430\u043b\u044c\u043d\u044b\u0435 \u043f\u043e\u0434\u0430\u0440\u043a\u0438, \u043a\u043e\u0442\u043e\u0440\u044b\u0435 \u043f\u043e\u0434\u0447\u0451\u0440\u043a\u0438\u0432\u0430\u044e\u0442 \u0437\u043d\u0430\u0447\u0438\u043c\u044b\u0435 \u043c\u043e\u043c\u0435\u043d\u0442\u044b. \u041c\u044b \u0432\u0440\u0443\u0447\u043d\u0443\u044e \u0438\u0437\u0433\u043e\u0442\u0430\u0432\u043b\u0438\u0432\u0430\u0435\u043c \u0444\u043e\u0442\u043e\u043c\u0430\u0433\u043d\u0438\u0442\u044b, \u043a\u043e\u0442\u043e\u0440\u044b\u0435 \u0438\u0434\u0435\u0430\u043b\u044c\u043d\u043e \u043f\u043e\u0434\u0445\u043e\u0434\u044f\u0442 \u0438 \u0434\u043b\u044f \u043f\u043e\u0434\u0430\u0440\u043a\u0430, \u0438 \u0434\u043b\u044f \u0443\u043a\u0440\u0430\u0448\u0435\u043d\u0438\u044f \u0434\u043e\u043c\u0430. \u0411\u0443\u0434\u044c \u0442\u043e \u0431\u043b\u0438\u0437\u043a\u0438\u0435 \u043b\u044e\u0434\u0438, \u043e\u0441\u043e\u0431\u044b\u0435 \u0441\u043e\u0431\u044b\u0442\u0438\u044f \u0438\u043b\u0438 \u0432\u0434\u043e\u0445\u043d\u043e\u0432\u043b\u044f\u044e\u0449\u0438\u0435 \u043f\u043e\u0441\u043b\u0430\u043d\u0438\u044f \u2014 \u043a\u0430\u0436\u0434\u044b\u0439 \u0444\u043e\u0442\u043e\u043c\u0430\u0433\u043d\u0438\u0442 \u0440\u0430\u0441\u0441\u043a\u0430\u0437\u044b\u0432\u0430\u0435\u0442 \u0441\u0432\u043e\u044e \u0438\u0441\u0442\u043e\u0440\u0438\u044e.<\/p>\t\t\t\t\t\t\t\t<\/div>\n\t\t\t\t<\/div>\n\t\t\t\t<\/div>\n\t\t\t\t<\/div>\n\t\t<div class=\"elementor-element elementor-element-533e71fe e-con-full e-flex e-con e-child\" data-id=\"533e71fe\" data-element_type=\"container\" data-e-type=\"container\">\n\t\t<div class=\"elementor-element elementor-element-7b84ee73 e-con-full e-flex e-con e-child\" data-id=\"7b84ee73\" data-element_type=\"container\" data-e-type=\"container\">\n\t\t\t\t<div class=\"elementor-element elementor-element-7c3fa4bb elementor-widget elementor-widget-text-editor\" data-id=\"7c3fa4bb\" data-element_type=\"widget\" data-e-type=\"widget\" data-widget_type=\"text-editor.default\">\n\t\t\t\t<div class=\"elementor-widget-container\">\n\t\t\t\t\t\t\t\t\t<p class=\"\" data-start=\"497\" data-end=\"773\">\u041c\u044b \u0446\u0435\u043d\u0438\u043c \u043a\u0430\u0447\u0435\u0441\u0442\u0432\u043e, \u0438\u043d\u0434\u0438\u0432\u0438\u0434\u0443\u0430\u043b\u044c\u043d\u043e\u0441\u0442\u044c \u0438 \u043f\u0440\u043e\u0441\u0442\u043e\u0442\u0443. \u041a\u0430\u0436\u0434\u044b\u0439 \u0444\u043e\u0442\u043e\u043c\u0430\u0433\u043d\u0438\u0442 M\u00e4gnet \u0441\u043e\u0437\u0434\u0430\u043d \u0441 \u0437\u0430\u0431\u043e\u0442\u043e\u0439 \u0438 \u043b\u044e\u0431\u043e\u0432\u044c\u044e, \u0447\u0442\u043e\u0431\u044b \u043f\u0440\u0438\u043d\u043e\u0441\u0438\u0442\u044c \u0440\u0430\u0434\u043e\u0441\u0442\u044c \u0438 \u0442\u0435\u043f\u043b\u043e \u0432 \u043a\u0430\u0436\u0434\u044b\u0439 \u0434\u043e\u043c. \u0414\u043b\u044f \u043d\u0430\u0441 \u0432\u0430\u0436\u043d\u043e, \u0447\u0442\u043e\u0431\u044b \u043a\u0430\u0436\u0434\u044b\u0439 \u043c\u0430\u0433\u043d\u0438\u0442 \u0440\u0443\u0447\u043d\u043e\u0439 \u0440\u0430\u0431\u043e\u0442\u044b \u0441\u043e\u0445\u0440\u0430\u043d\u044f\u043b \u0437\u043d\u0430\u0447\u0438\u043c\u044b\u0435 \u043c\u043e\u043c\u0435\u043d\u0442\u044b, \u043a\u043e\u0442\u043e\u0440\u044b\u0435 \u0432\u044b \u043f\u043e-\u043d\u0430\u0441\u0442\u043e\u044f\u0449\u0435\u043c\u0443 \u0446\u0435\u043d\u0438\u0442\u0435.<\/p><p data-start=\"497\" data-end=\"773\">\u00a0<\/p><p class=\"\" data-start=\"775\" data-end=\"871\">M\u00e4gnet \u2014 \u044d\u0442\u043e \u0431\u043e\u043b\u044c\u0448\u0435, \u0447\u0435\u043c \u043f\u0440\u043e\u0441\u0442\u043e \u043f\u0440\u043e\u0434\u0443\u043a\u0442: \u044d\u0442\u043e \u0441\u043f\u043e\u0441\u043e\u0431 \u0434\u0435\u0440\u0436\u0430\u0442\u044c \u043b\u044e\u0431\u0438\u043c\u044b\u0435 \u043c\u043e\u043c\u0435\u043d\u0442\u044b \u0432\u0441\u0435\u0433\u0434\u0430 \u0440\u044f\u0434\u043e\u043c.<\/p>\t\t\t\t\t\t\t\t<\/div>\n\t\t\t\t<\/div>\n\t\t\t\t<\/div>\n\t\t<div class=\"elementor-element elementor-element-a7fec60 e-con-full e-flex e-con e-child\" data-id=\"a7fec60\" data-element_type=\"container\" data-e-type=\"container\">\n\t\t\t\t<div class=\"elementor-element elementor-element-484b1115 elementor-widget elementor-widget-image\" data-id=\"484b1115\" data-element_type=\"widget\" data-e-type=\"widget\" data-widget_type=\"image.default\">\n\t\t\t\t<div class=\"elementor-widget-container\">\n\t\t\t\t\t\t\t\t\t\t\t\t\t\t\t<img decoding=\"async\" width=\"1024\" height=\"761\" src=\"https:\/\/www.minumagnet.ee\/wp-content\/uploads\/2025\/02\/Kati-Pajumagi-3-e1739793116181-1024x761.png\" class=\"attachment-large size-large wp-image-1504\" alt=\"Kvaliteetne k\u00e4sit\u00f6\u00f6na valmistatud fotomagnet - perepildid, lapsed ja lemmikloom.\" srcset=\"https:\/\/www.minumagnet.ee\/wp-content\/uploads\/2025\/02\/Kati-Pajumagi-3-e1739793116181-1024x761.png 1024w, https:\/\/www.minumagnet.ee\/wp-content\/uploads\/2025\/02\/Kati-Pajumagi-3-e1739793116181-300x223.png 300w, https:\/\/www.minumagnet.ee\/wp-content\/uploads\/2025\/02\/Kati-Pajumagi-3-e1739793116181-768x570.png 768w, https:\/\/www.minumagnet.ee\/wp-content\/uploads\/2025\/02\/Kati-Pajumagi-3-e1739793116181-1536x1141.png 1536w, https:\/\/www.minumagnet.ee\/wp-content\/uploads\/2025\/02\/Kati-Pajumagi-3-e1739793116181-2048x1521.png 2048w, https:\/\/www.minumagnet.ee\/wp-content\/uploads\/2025\/02\/Kati-Pajumagi-3-e1739793116181-600x446.png 600w\" sizes=\"(max-width: 1024px) 100vw, 1024px\" \/>\t\t\t\t\t\t\t\t\t\t\t\t\t\t\t<\/div>\n\t\t\t\t<\/div>\n\t\t\t\t<\/div>\n\t\t\t\t<\/div>\n\t\t\t\t<\/div>\n\t\t\t\t\t<\/div>\n\t\t\t\t<\/div>\n\t\t<div class=\"elementor-element elementor-element-a7c90f3 e-flex e-con-boxed e-con e-parent\" data-id=\"a7c90f3\" data-element_type=\"container\" data-e-type=\"container\" data-settings=\"{&quot;shape_divider_top&quot;:&quot;triangle-asymmetrical&quot;,&quot;shape_divider_top_negative&quot;:&quot;yes&quot;}\">\n\t\t\t\t\t<div class=\"e-con-inner\">\n\t\t\t\t<div class=\"elementor-shape elementor-shape-top\" aria-hidden=\"true\" data-negative=\"true\">\n\t\t\t<svg xmlns=\"http:\/\/www.w3.org\/2000\/svg\" viewbox=\"0 0 1000 100\" preserveaspectratio=\"none\">\n\t<path class=\"elementor-shape-fill\" d=\"M737.9,94.7L0,0v100h1000V0L737.9,94.7z\"\/>\n<\/svg>\t\t<\/div>\n\t\t<div class=\"elementor-element elementor-element-570f2ff e-con-full e-flex e-con e-child\" data-id=\"570f2ff\" data-element_type=\"container\" data-e-type=\"container\">\n\t\t\t\t<div class=\"elementor-element elementor-element-9366c0c elementor-widget elementor-widget-image-box\" data-id=\"9366c0c\" data-element_type=\"widget\" data-e-type=\"widget\" data-widget_type=\"image-box.default\">\n\t\t\t\t<div class=\"elementor-widget-container\">\n\t\t\t\t\t<div class=\"elementor-image-box-wrapper\"><div class=\"elementor-image-box-content\"><h2 class=\"elementor-image-box-title\">\u041f\u043e\u0434\u0430\u0440\u043e\u043a \u0441\u043e \u0441\u043c\u044b\u0441\u043b\u043e\u043c<\/h2><p class=\"elementor-image-box-description\">\u0412 M\u00e4gnet \u043c\u044b \u0432\u0440\u0443\u0447\u043d\u0443\u044e \u0441\u043e\u0437\u0434\u0430\u0451\u043c \u043c\u0430\u0433\u043d\u0438\u0442\u044b, \u043a\u043e\u0442\u043e\u0440\u044b\u0435 \u0434\u0430\u0440\u044f\u0442 \u0443\u043b\u044b\u0431\u043a\u0443 \u2014 \u0431\u0443\u0434\u044c \u0442\u043e \u0442\u0451\u043f\u043b\u043e\u0435 \u043f\u043e\u0441\u043b\u0430\u043d\u0438\u0435 \u0438\u043b\u0438 \u043c\u0438\u043b\u044b\u0439 \u0434\u0438\u0437\u0430\u0439\u043d. \u0415\u0441\u043b\u0438 \u0432\u044b \u0445\u043e\u0442\u0438\u0442\u0435 \u0441\u043e\u0445\u0440\u0430\u043d\u0438\u0442\u044c \u0432\u0430\u0436\u043d\u044b\u0439 \u043c\u043e\u043c\u0435\u043d\u0442 \u0438\u043b\u0438 \u043f\u0435\u0440\u0435\u0434\u0430\u0442\u044c \u0441\u0432\u043e\u0439 \u0442\u0435\u043a\u0441\u0442 \u0432 \u043a\u0440\u0430\u0441\u0438\u0432\u043e\u043c \u0444\u043e\u0440\u043c\u0430\u0442\u0435 \u2014 \u0432\u044b \u043f\u043e \u0430\u0434\u0440\u0435\u0441\u0443. \u0425\u043e\u0442\u0438\u0442\u0435 \u0432\u043e\u043f\u043b\u043e\u0442\u0438\u0442\u044c \u0438\u0434\u0435\u044e \u043f\u0435\u0440\u0441\u043e\u043d\u0430\u043b\u044c\u043d\u043e\u0433\u043e \u043c\u0430\u0433\u043d\u0438\u0442\u0430? \u041d\u0430\u043f\u0438\u0448\u0438\u0442\u0435 \u043d\u0430\u043c \u043d\u0430 <a href=\"mailto:info@minumagnet.ee\">info@minumagnet.ee<\/a>.<\/p><\/div><\/div>\t\t\t\t<\/div>\n\t\t\t\t<\/div>\n\t\t\t\t<div class=\"elementor-element elementor-element-d7c3222 elementor-mobile-align-center elementor-align-center elementor-widget elementor-widget-button\" data-id=\"d7c3222\" data-element_type=\"widget\" data-e-type=\"widget\" data-widget_type=\"button.default\">\n\t\t\t\t<div class=\"elementor-widget-container\">\n\t\t\t\t\t\t\t\t\t<div class=\"elementor-button-wrapper\">\n\t\t\t\t\t<a class=\"elementor-button elementor-button-link elementor-size-md\" href=\"\/ru\/e-pood\/\">\n\t\t\t\t\t\t<span class=\"elementor-button-content-wrapper\">\n\t\t\t\t\t\t<span class=\"elementor-button-icon\">\n\t\t\t\t<svg aria-hidden=\"true\" class=\"e-font-icon-svg e-fas-caret-right\" viewbox=\"0 0 192 512\" xmlns=\"http:\/\/www.w3.org\/2000\/svg\"><path d=\"M0 384.662V127.338c0-17.818 21.543-26.741 34.142-14.142l128.662 128.662c7.81 7.81 7.81 20.474 0 28.284L34.142 398.804C21.543 411.404 0 402.48 0 384.662z\"><\/path><\/svg>\t\t\t<\/span>\n\t\t\t\t\t\t\t\t\t<span class=\"elementor-button-text\">\u041f\u043e\u0441\u043c\u043e\u0442\u0440\u0435\u0442\u044c \u0433\u043e\u0442\u043e\u0432\u044b\u0435 \u0434\u0438\u0437\u0430\u0439\u043d\u044b<\/span>\n\t\t\t\t\t<\/span>\n\t\t\t\t\t<\/a>\n\t\t\t\t<\/div>\n\t\t\t\t\t\t\t\t<\/div>\n\t\t\t\t<\/div>\n\t\t\t\t<\/div>\n\t\t\t\t\t<\/div>\n\t\t\t\t<\/div>\n\t\t\t\t<\/div>","protected":false},"excerpt":{"rendered":"<p>M\u00e4gneti lugu M\u00e4gnet \u2013 k\u00e4sit\u00f6\u00f6na valmivad isikup\u00e4rased kingitused M\u00e4gnet s\u00fcndis soovist j\u00e4\u00e4dvustada erilisi hetki k\u00e4ega katsutaval ja t\u00e4hendusrikkal moel. T\u00e4nap\u00e4eva digimaailmas talletame loendamatu hulga fotosid, kuid paljud neist j\u00e4\u00e4vad vaid ekraanidele. Meie eesm\u00e4rk on anda neile kallitele m\u00e4lestustele uus elu. Olgu sul sooviks muuta magnetiks oma fotod, jagada inspireerivat s\u00f5numit v\u00f5i kinkida midagi erilist \u2013 [&hellip;]<\/p>\n","protected":false},"author":1,"featured_media":0,"parent":0,"menu_order":0,"comment_status":"closed","ping_status":"closed","template":"","meta":{"site-sidebar-layout":"no-sidebar","site-content-layout":"page-builder","ast-site-content-layout":"full-width-container","site-content-style":"unboxed","site-sidebar-style":"unboxed","ast-global-header-display":"","ast-banner-title-visibility":"","ast-main-header-display":"","ast-hfb-above-header-display":"","ast-hfb-below-header-display":"","ast-hfb-mobile-header-display":"","site-post-title":"disabled","ast-breadcrumbs-content":"","ast-featured-img":"disabled","footer-sml-layout":"","ast-disable-related-posts":"","theme-transparent-header-meta":"default","adv-header-id-meta":"","stick-header-meta":"","header-above-stick-meta":"","header-main-stick-meta":"","header-below-stick-meta":"","astra-migrate-meta-layouts":"set","ast-page-background-enabled":"default","ast-page-background-meta":{"desktop":{"background-color":"","background-image":"","background-repeat":"repeat","background-position":"center center","background-size":"auto","background-attachment":"scroll","background-type":"","background-media":"","overlay-type":"","overlay-color":"","overlay-opacity":"","overlay-gradient":""},"tablet":{"background-color":"","background-image":"","background-repeat":"repeat","background-position":"center center","background-size":"auto","background-attachment":"scroll","background-type":"","background-media":"","overlay-type":"","overlay-color":"","overlay-opacity":"","overlay-gradient":""},"mobile":{"background-color":"","background-image":"","background-repeat":"repeat","background-position":"center center","background-size":"auto","background-attachment":"scroll","background-type":"","background-media":"","overlay-type":"","overlay-color":"","overlay-opacity":"","overlay-gradient":""}},"ast-content-background-meta":{"desktop":{"background-color":"var(--ast-global-color-5)","background-image":"","background-repeat":"repeat","background-position":"center center","background-size":"auto","background-attachment":"scroll","background-type":"","background-media":"","overlay-type":"","overlay-color":"","overlay-opacity":"","overlay-gradient":""},"tablet":{"background-color":"var(--ast-global-color-5)","background-image":"","background-repeat":"repeat","background-position":"center center","background-size":"auto","background-attachment":"scroll","background-type":"","background-media":"","overlay-type":"","overlay-color":"","overlay-opacity":"","overlay-gradient":""},"mobile":{"background-color":"var(--ast-global-color-5)","background-image":"","background-repeat":"repeat","background-position":"center center","background-size":"auto","background-attachment":"scroll","background-type":"","background-media":"","overlay-type":"","overlay-color":"","overlay-opacity":"","overlay-gradient":""}},"footnotes":""},"class_list":["post-16","page","type-page","status-publish","hentry"],"_links":{"self":[{"href":"https:\/\/www.minumagnet.ee\/ru\/wp-json\/wp\/v2\/pages\/16","targetHints":{"allow":["GET"]}}],"collection":[{"href":"https:\/\/www.minumagnet.ee\/ru\/wp-json\/wp\/v2\/pages"}],"about":[{"href":"https:\/\/www.minumagnet.ee\/ru\/wp-json\/wp\/v2\/types\/page"}],"author":[{"embeddable":true,"href":"https:\/\/www.minumagnet.ee\/ru\/wp-json\/wp\/v2\/users\/1"}],"replies":[{"embeddable":true,"href":"https:\/\/www.minumagnet.ee\/ru\/wp-json\/wp\/v2\/comments?post=16"}],"version-history":[{"count":5,"href":"https:\/\/www.minumagnet.ee\/ru\/wp-json\/wp\/v2\/pages\/16\/revisions"}],"predecessor-version":[{"id":2120,"href":"https:\/\/www.minumagnet.ee\/ru\/wp-json\/wp\/v2\/pages\/16\/revisions\/2120"}],"wp:attachment":[{"href":"https:\/\/www.minumagnet.ee\/ru\/wp-json\/wp\/v2\/media?parent=16"}],"curies":[{"name":"wp","href":"https:\/\/api.w.org\/{rel}","templated":true}]}}